{"id":106,"date":"2016-05-31T11:27:58","date_gmt":"2016-05-31T11:27:58","guid":{"rendered":"http:\/\/liedena.enekoapaolaza.com\/?page_id=106"},"modified":"2024-09-20T09:18:50","modified_gmt":"2024-09-20T07:18:50","slug":"transparencia-municipal","status":"publish","type":"page","link":"https:\/\/liedena.es\/index.php\/ayuntamiento\/transparencia-municipal\/","title":{"rendered":"Transparencia Municipal y CONVENIOS"},"content":{"rendered":"<div class=\"fusion-fullwidth fullwidth-box fusion-builder-row-1 fusion-flex-container nonhundred-percent-fullwidth non-hundred-percent-height-scrolling\" style=\"--awb-border-radius-top-left:0px;--awb-border-radius-top-right:0px;--awb-border-radius-bottom-right:0px;--awb-border-radius-bottom-left:0px;--awb-flex-wrap:wrap;\" ><div class=\"fusion-builder-row fusion-row fusion-flex-align-items-flex-start fusion-flex-content-wrap\" style=\"max-width:1144px;margin-left: calc(-4% \/ 2 );margin-right: calc(-4% \/ 2 );\"><div class=\"fusion-layout-column fusion_builder_column fusion-builder-column-0 fusion_builder_column_1_2 1_2 fusion-flex-column\" style=\"--awb-bg-size:cover;--awb-width-large:50%;--awb-margin-top-large:0px;--awb-spacing-right-large:3.84%;--awb-margin-bottom-large:0px;--awb-spacing-left-large:3.84%;--awb-width-medium:100%;--awb-spacing-right-medium:1.92%;--awb-spacing-left-medium:1.92%;--awb-width-small:100%;--awb-spacing-right-small:1.92%;--awb-spacing-left-small:1.92%;\"><div class=\"fusion-column-wrapper fusion-flex-justify-content-flex-start fusion-content-layout-column\"><div class=\"fusion-text fusion-text-1\"><h4 class=\"pagetitle \"><em><strong><span style=\"color: #ff0000;\">Transparencia Municipal<\/span><\/strong><\/em><\/h4>\n<div id=\"post-2778\" class=\"post-2778 page type-page status-publish hentry\">\n<div class=\"entry\">\n<p>El Ayuntamiento de Li\u00e9dena trabaja para mejorar la transparencia municipal y con este objetivo publica en esta secci\u00f3n de la web municipal informaci\u00f3n relacionada con la gesti\u00f3n del municipio. La informaci\u00f3n se ir\u00e1 incorporando de forma progresiva intentando ofrecer contenidos que resulten de inter\u00e9s para los ciudadanos.<\/p>\n<h4 class=\"pagetitle \"><em><strong><span style=\"color: #ff0000;\"><a href=\"https:\/\/liedena.es\/wp-content\/uploads\/2024\/09\/Gastos-fiestas.-Aportacion-ayuntamiento.pdf\" class=\"mtli_attachment mtli_pdf\" target=\"_blank\" rel=\"noopener\">APORTACI\u00d3N DINERARIA POR PARTE DEL AYUNTAMIENTO A LAS FIESTAS PATRONALES 2024<\/a><\/span><\/strong><\/em><\/h4>\n<h4 class=\"pagetitle \"><em><strong><span style=\"color: #ff0000;\"><a href=\"https:\/\/liedena.es\/wp-content\/uploads\/2024\/09\/APORTACION-DINERARIA-POR-PARTE-DEL-AYUNTAMIENTO-A-LA-FIESTA-DEL-DIA-DE-LA-VIRGEN-2024.pdf\" class=\"mtli_attachment mtli_pdf\" target=\"_blank\" rel=\"noopener\">APORTACI\u00d3N DINERARIA POR PARTE DEL AYUNTAMIENTO A LA FIESTA DEL D\u00cdA DE LA VIRGEN 2024\u00a0\u00a0<\/a><\/span><\/strong><\/em><\/h4>\n<h4 class=\"pagetitle \"><em><strong><span style=\"color: #ff0000;\"> <a href=\"https:\/\/liedena.es\/wp-content\/uploads\/2024\/09\/APORTACION-DINERARIA-POR-PARTE-DEL-AYUNTAMIENTO-A-LA-FIESTA-DEL-PATRIMONIO-ROMANO-5.pdf\" class=\"mtli_attachment mtli_pdf\" target=\"_blank\" rel=\"noopener\">APORTACI\u00d3N DINERARIA POR PARTE DEL AYUNTAMIENTO A LA FIESTA DEL PATRIMONIO ROMANO <\/a>\u00a0<\/span><\/strong><\/em><\/h4>\n<\/div>\n<\/div>\n<\/div><\/div><\/div><div class=\"fusion-layout-column fusion_builder_column fusion-builder-column-1 fusion_builder_column_1_2 1_2 fusion-flex-column\" style=\"--awb-bg-size:cover;--awb-width-large:50%;--awb-margin-top-large:0px;--awb-spacing-right-large:3.84%;--awb-margin-bottom-large:0px;--awb-spacing-left-large:3.84%;--awb-width-medium:100%;--awb-spacing-right-medium:1.92%;--awb-spacing-left-medium:1.92%;--awb-width-small:100%;--awb-spacing-right-small:1.92%;--awb-spacing-left-small:1.92%;\"><div class=\"fusion-column-wrapper fusion-flex-justify-content-flex-start fusion-content-layout-column\"><div class=\"fusion-text fusion-text-2\"><h3><em><strong><span style=\"color: #ff0000;\">PRESUPUESTOS<\/span><\/strong><\/em><\/h3>\n<h2><strong><em><a href=\"https:\/\/liedena.es\/wp-content\/uploads\/2024\/04\/Presupuestos-2024-por-capitulos.pdf\" class=\"mtli_attachment mtli_pdf\" target=\"_blank\" rel=\"noopener\">Presupuestos 2024 por cap\u00edtulos<\/a>\u00a0<\/em><\/strong><\/h2>\n<h2><\/h2>\n<h3><span style=\"color: #ff0000;\"><em><strong>RETRIBUCIONES<\/strong><\/em><\/span><\/h3>\n<p><a href=\"https:\/\/bon.navarra.es\/es\/anuncio\/-\/texto\/2023\/153\/49\" target=\"_blank\" rel=\"noopener\">Retribuci\u00f3n Corporativos:<\/a><\/p>\n<h2><span style=\"color: #ff0000;\"><strong><em>CONVENIOS<\/em><\/strong><\/span><\/h2>\n<p><a href=\"https:\/\/liedena.es\/wp-content\/uploads\/2024\/01\/Convenio-con-la-Asociacion-Cabalgata-de-Reyes.pdf\" class=\"mtli_attachment mtli_pdf\" target=\"_blank\" rel=\"noopener\">Convenio con la Asociaci\u00f3n Cabalgata de Reyes Magos de Li\u00e9dena<\/a><\/p>\n<p><a href=\"https:\/\/liedena.es\/wp-content\/uploads\/2024\/09\/Convenio-de-colaboracion-con-C.D.-Aurrera.pdf\" class=\"mtli_attachment mtli_pdf\" target=\"_blank\" rel=\"noopener\">Convenio de colaboraci\u00f3n con C.D. Aurrera<\/a><\/p>\n<p><a href=\"https:\/\/liedena.es\/wp-content\/uploads\/2021\/02\/3.-Cesion-de-local-a-C.D.-Aurrera.pdf\" class=\"mtli_attachment mtli_pdf\" target=\"_blank\" rel=\"noopener\">Cesi\u00f3n de Local al Club Deportivo Aurrer\u00e1 de Li\u00e9dena<\/a><\/p>\n<p><a href=\"https:\/\/liedena.es\/wp-content\/uploads\/2021\/02\/8.-Convenio-con-Agrupacion-Aires-de-Liedena.pdf\" class=\"mtli_attachment mtli_pdf\" target=\"_blank\" rel=\"noopener\">Convenio\u00a0 con la Txaranga \u00abAires de Li\u00e9dena\u00bb<\/a><\/p>\n<p><a href=\"https:\/\/liedena.es\/wp-content\/uploads\/2023\/10\/Convenio-Ayto-de-Liedena-Asociacion-Comarcats-firmado.pdf\" class=\"mtli_attachment mtli_pdf\" target=\"_blank\" rel=\"noopener\">Convenio Ayto de Li\u00e9dena-Asociaci\u00f3n Comarcats firmado<\/a><\/p>\n<p>Aportaci\u00f3n a la Asociaci\u00f3n de Cazadores del 25 % de la cantidad que el Ayuntamiento ingresa por el arrendamiento del coto. Esta aportaci\u00f3n est\u00e1 destinada para el amejoramiento del mismo.<\/p>\n<\/div><\/div><\/div><\/div><\/div>\n","protected":false},"excerpt":{"rendered":"","protected":false},"author":1,"featured_media":0,"parent":42,"menu_order":0,"comment_status":"closed","ping_status":"closed","template":"","meta":{"_acf_changed":false,"_price":"","_stock":"","_tribe_ticket_header":"","_tribe_default_ticket_provider":"","_tribe_ticket_capacity":"0","_ticket_start_date":"","_ticket_end_date":"","_tribe_ticket_show_description":"","_tribe_ticket_show_not_going":false,"_tribe_ticket_use_global_stock":"","_tribe_ticket_global_stock_level":"","_global_stock_mode":"","_global_stock_cap":"","_tribe_rsvp_for_event":"","_tribe_ticket_going_count":"","_tribe_ticket_not_going_count":"","_tribe_tickets_list":"[]","_tribe_ticket_has_attendee_info_fields":false,"footnotes":"","_tec_slr_enabled":"","_tec_slr_layout":""},"class_list":["post-106","page","type-page","status-publish","hentry"],"acf":[],"ticketed":false,"_links":{"self":[{"href":"https:\/\/liedena.es\/index.php\/wp-json\/wp\/v2\/pages\/106","targetHints":{"allow":["GET"]}}],"collection":[{"href":"https:\/\/liedena.es\/index.php\/wp-json\/wp\/v2\/pages"}],"about":[{"href":"https:\/\/liedena.es\/index.php\/wp-json\/wp\/v2\/types\/page"}],"author":[{"embeddable":true,"href":"https:\/\/liedena.es\/index.php\/wp-json\/wp\/v2\/users\/1"}],"replies":[{"embeddable":true,"href":"https:\/\/liedena.es\/index.php\/wp-json\/wp\/v2\/comments?post=106"}],"version-history":[{"count":53,"href":"https:\/\/liedena.es\/index.php\/wp-json\/wp\/v2\/pages\/106\/revisions"}],"predecessor-version":[{"id":3518,"href":"https:\/\/liedena.es\/index.php\/wp-json\/wp\/v2\/pages\/106\/revisions\/3518"}],"up":[{"embeddable":true,"href":"https:\/\/liedena.es\/index.php\/wp-json\/wp\/v2\/pages\/42"}],"wp:attachment":[{"href":"https:\/\/liedena.es\/index.php\/wp-json\/wp\/v2\/media?parent=106"}],"curies":[{"name":"wp","href":"https:\/\/api.w.org\/{rel}","templated":true}]}}