{"id":109,"date":"2016-05-31T11:36:53","date_gmt":"2016-05-31T11:36:53","guid":{"rendered":"http:\/\/liedena.enekoapaolaza.com\/?page_id=109"},"modified":"2024-03-11T14:53:11","modified_gmt":"2024-03-11T12:53:11","slug":"servicios","status":"publish","type":"page","link":"https:\/\/liedena.es\/index.php\/ayuntamiento\/servicios\/","title":{"rendered":"Servicios"},"content":{"rendered":"<div class=\"fusion-fullwidth fullwidth-box fusion-builder-row-1 fusion-flex-container nonhundred-percent-fullwidth non-hundred-percent-height-scrolling\" style=\"--awb-border-radius-top-left:0px;--awb-border-radius-top-right:0px;--awb-border-radius-bottom-right:0px;--awb-border-radius-bottom-left:0px;--awb-flex-wrap:wrap;\" ><div class=\"fusion-builder-row fusion-row fusion-flex-align-items-flex-start fusion-flex-content-wrap\" style=\"max-width:1144px;margin-left: calc(-4% \/ 2 );margin-right: calc(-4% \/ 2 );\"><div class=\"fusion-layout-column fusion_builder_column fusion-builder-column-0 fusion_builder_column_1_1 1_1 fusion-flex-column\" style=\"--awb-bg-size:cover;--awb-width-large:100%;--awb-margin-top-large:0px;--awb-spacing-right-large:1.92%;--awb-margin-bottom-large:0px;--awb-spacing-left-large:1.92%;--awb-width-medium:100%;--awb-spacing-right-medium:1.92%;--awb-spacing-left-medium:1.92%;--awb-width-small:100%;--awb-spacing-right-small:1.92%;--awb-spacing-left-small:1.92%;\"><div class=\"fusion-column-wrapper fusion-flex-justify-content-flex-start fusion-content-layout-column\"><div class=\"fusion-text fusion-text-1\"><p><a href=\"http:\/\/www.cederna.eu\/\" target=\"_blank\" rel=\"noopener\"><img decoding=\"async\" class=\"alignnone wp-image-477\" src=\"https:\/\/liedena.es\/wp-content\/uploads\/2016\/05\/logo-cederna-VERT-4x4-tr-300x248.jpg\" alt=\"logo cederna VERT 4x4 tr\" width=\"54\" height=\"44\" srcset=\"https:\/\/liedena.es\/wp-content\/uploads\/2016\/05\/logo-cederna-VERT-4x4-tr-177x142.jpg 177w, https:\/\/liedena.es\/wp-content\/uploads\/2016\/05\/logo-cederna-VERT-4x4-tr-200x165.jpg 200w, https:\/\/liedena.es\/wp-content\/uploads\/2016\/05\/logo-cederna-VERT-4x4-tr-300x248.jpg 300w, https:\/\/liedena.es\/wp-content\/uploads\/2016\/05\/logo-cederna-VERT-4x4-tr-400x330.jpg 400w, https:\/\/liedena.es\/wp-content\/uploads\/2016\/05\/logo-cederna-VERT-4x4-tr-600x495.jpg 600w, https:\/\/liedena.es\/wp-content\/uploads\/2016\/05\/logo-cederna-VERT-4x4-tr-768x634.jpg 768w, https:\/\/liedena.es\/wp-content\/uploads\/2016\/05\/logo-cederna-VERT-4x4-tr-800x661.jpg 800w, https:\/\/liedena.es\/wp-content\/uploads\/2016\/05\/logo-cederna-VERT-4x4-tr.jpg 976w\" sizes=\"(max-width: 54px) 100vw, 54px\" \/>http:\/\/www.cederna.eu\/<\/a>\u00a0 Asociaci\u00f3n Cederna Garalur de la comarca de Sang\u00fcesa.<\/p>\n<p>Agente de desarrollo: Marijo Wali\u00f1o.<\/p>\n<p>Direcci\u00f3n: Alfonso el Batallador, 20 planta baja.<\/p>\n<p>Tel\u00e9fonos: 948 87 12 23 \u00a0\/ \u00a0 676 98 92 32 (cita previa)<\/p>\n<h1><\/h1>\n<p><img decoding=\"async\" class=\"alignnone wp-image-481\" src=\"https:\/\/liedena.es\/wp-content\/uploads\/2016\/05\/LOGO-CSC.jpg\" alt=\"LOGO CSC\" width=\"69\" height=\"69\" srcset=\"https:\/\/liedena.es\/wp-content\/uploads\/2016\/05\/LOGO-CSC-66x66.jpg 66w, https:\/\/liedena.es\/wp-content\/uploads\/2016\/05\/LOGO-CSC-100x100.jpg 100w, https:\/\/liedena.es\/wp-content\/uploads\/2016\/05\/LOGO-CSC-150x150.jpg 150w, https:\/\/liedena.es\/wp-content\/uploads\/2016\/05\/LOGO-CSC-200x201.jpg 200w, https:\/\/liedena.es\/wp-content\/uploads\/2016\/05\/LOGO-CSC.jpg 212w\" sizes=\"(max-width: 69px) 100vw, 69px\" \/>Centro Social y Cultural de Li\u00e9dena.<\/p>\n<p><a href=\"http:\/\/www.facebook.com\/Ludoteca-de-Li\u00e9dena-133387206714187\/\" target=\"_blank\" rel=\"noopener\">http:\/\/www.facebook.com\/Ludoteca-de-Li\u00e9dena-133387206714187\/<\/a><\/p>\n<p>Gerente: Miguel Oliver<\/p>\n<p>C\/ Escuelas, bajos del Ayuntamiento<\/p>\n<p>Tel\u00e9fono: 848 99 28 18<\/p>\n<p>Servicios: Sala multiusos, zona de juegos de mesa, zona de ordenadores, sala de televisi\u00f3n, zona de juegos electr\u00f3nicos, etc.<\/p>\n<p>Celebraciones de fiestas, bailes en l\u00ednea, sevillanas, gimnasia, proyecciones, sala de reuniones, etc<\/p>\n<p><img decoding=\"async\" class=\"alignnone size-medium wp-image-482\" src=\"https:\/\/liedena.es\/wp-content\/uploads\/2016\/05\/11828725_998207270232172_1506035197806464928_n-300x225.jpg\" alt=\"11828725_998207270232172_1506035197806464928_n\" width=\"300\" height=\"225\" srcset=\"https:\/\/liedena.es\/wp-content\/uploads\/2016\/05\/11828725_998207270232172_1506035197806464928_n-200x150.jpg 200w, https:\/\/liedena.es\/wp-content\/uploads\/2016\/05\/11828725_998207270232172_1506035197806464928_n-300x225.jpg 300w, https:\/\/liedena.es\/wp-content\/uploads\/2016\/05\/11828725_998207270232172_1506035197806464928_n-400x300.jpg 400w, https:\/\/liedena.es\/wp-content\/uploads\/2016\/05\/11828725_998207270232172_1506035197806464928_n-600x450.jpg 600w, https:\/\/liedena.es\/wp-content\/uploads\/2016\/05\/11828725_998207270232172_1506035197806464928_n-768x576.jpg 768w, https:\/\/liedena.es\/wp-content\/uploads\/2016\/05\/11828725_998207270232172_1506035197806464928_n-800x600.jpg 800w, https:\/\/liedena.es\/wp-content\/uploads\/2016\/05\/11828725_998207270232172_1506035197806464928_n.jpg 960w\" sizes=\"(max-width: 300px) 100vw, 300px\" \/> <img decoding=\"async\" class=\"alignnone size-medium wp-image-483\" src=\"https:\/\/liedena.es\/wp-content\/uploads\/2016\/05\/420247_337864382933134_828113100_n.jpg\" alt=\"420247_337864382933134_828113100_n\" width=\"176\" height=\"176\" srcset=\"https:\/\/liedena.es\/wp-content\/uploads\/2016\/05\/420247_337864382933134_828113100_n-66x66.jpg 66w, https:\/\/liedena.es\/wp-content\/uploads\/2016\/05\/420247_337864382933134_828113100_n-100x100.jpg 100w, https:\/\/liedena.es\/wp-content\/uploads\/2016\/05\/420247_337864382933134_828113100_n-150x150.jpg 150w, https:\/\/liedena.es\/wp-content\/uploads\/2016\/05\/420247_337864382933134_828113100_n.jpg 176w\" sizes=\"(max-width: 176px) 100vw, 176px\" \/> <img decoding=\"async\" class=\"alignnone size-medium wp-image-484\" src=\"https:\/\/liedena.es\/wp-content\/uploads\/2016\/05\/10342751_895730250479875_8161528158686744754_n.jpg\" alt=\"10342751_895730250479875_8161528158686744754_n\" width=\"206\" height=\"206\" srcset=\"https:\/\/liedena.es\/wp-content\/uploads\/2016\/05\/10342751_895730250479875_8161528158686744754_n-66x66.jpg 66w, https:\/\/liedena.es\/wp-content\/uploads\/2016\/05\/10342751_895730250479875_8161528158686744754_n-100x100.jpg 100w, https:\/\/liedena.es\/wp-content\/uploads\/2016\/05\/10342751_895730250479875_8161528158686744754_n-150x150.jpg 150w, https:\/\/liedena.es\/wp-content\/uploads\/2016\/05\/10342751_895730250479875_8161528158686744754_n-200x200.jpg 200w, https:\/\/liedena.es\/wp-content\/uploads\/2016\/05\/10342751_895730250479875_8161528158686744754_n.jpg 206w\" sizes=\"(max-width: 206px) 100vw, 206px\" \/> <img decoding=\"async\" class=\"alignnone size-medium wp-image-485\" src=\"https:\/\/liedena.es\/wp-content\/uploads\/2016\/05\/10891581_873532336033000_8223709664712660503_n.jpg\" alt=\"10891581_873532336033000_8223709664712660503_n\" width=\"206\" height=\"206\" srcset=\"https:\/\/liedena.es\/wp-content\/uploads\/2016\/05\/10891581_873532336033000_8223709664712660503_n-66x66.jpg 66w, https:\/\/liedena.es\/wp-content\/uploads\/2016\/05\/10891581_873532336033000_8223709664712660503_n-100x100.jpg 100w, https:\/\/liedena.es\/wp-content\/uploads\/2016\/05\/10891581_873532336033000_8223709664712660503_n-150x150.jpg 150w, https:\/\/liedena.es\/wp-content\/uploads\/2016\/05\/10891581_873532336033000_8223709664712660503_n-200x200.jpg 200w, https:\/\/liedena.es\/wp-content\/uploads\/2016\/05\/10891581_873532336033000_8223709664712660503_n.jpg 206w\" sizes=\"(max-width: 206px) 100vw, 206px\" \/> <img decoding=\"async\" class=\"alignnone size-medium wp-image-486\" src=\"https:\/\/liedena.es\/wp-content\/uploads\/2016\/05\/10930845_884093261643574_2536174046493421955_n.jpg\" alt=\"10930845_884093261643574_2536174046493421955_n\" width=\"206\" height=\"206\" srcset=\"https:\/\/liedena.es\/wp-content\/uploads\/2016\/05\/10930845_884093261643574_2536174046493421955_n-66x66.jpg 66w, https:\/\/liedena.es\/wp-content\/uploads\/2016\/05\/10930845_884093261643574_2536174046493421955_n-100x100.jpg 100w, https:\/\/liedena.es\/wp-content\/uploads\/2016\/05\/10930845_884093261643574_2536174046493421955_n-150x150.jpg 150w, https:\/\/liedena.es\/wp-content\/uploads\/2016\/05\/10930845_884093261643574_2536174046493421955_n-200x200.jpg 200w, https:\/\/liedena.es\/wp-content\/uploads\/2016\/05\/10930845_884093261643574_2536174046493421955_n.jpg 206w\" sizes=\"(max-width: 206px) 100vw, 206px\" \/><\/p>\n<p>El consultorio m\u00e9dico de Li\u00e9dena est\u00e1 operativo los lunes y los jueves a partir de las 12:30 de la ma\u00f1ana.<\/p>\n<p>C\/ Escuelas, en los bajos del Ayuntamiento<\/p>\n<p>Tel\u00e9fono de cita previa: 948 87 14 40<\/p>\n<p><img decoding=\"async\" class=\"alignnone wp-image-1204\" src=\"https:\/\/liedena.es\/wp-content\/uploads\/2016\/05\/INFO_WHASAPP.jpg\" alt=\"\" width=\"387\" height=\"543\" srcset=\"https:\/\/liedena.es\/wp-content\/uploads\/2016\/05\/INFO_WHASAPP-200x280.jpg 200w, https:\/\/liedena.es\/wp-content\/uploads\/2016\/05\/INFO_WHASAPP-214x300.jpg 214w, https:\/\/liedena.es\/wp-content\/uploads\/2016\/05\/INFO_WHASAPP-400x561.jpg 400w, https:\/\/liedena.es\/wp-content\/uploads\/2016\/05\/INFO_WHASAPP-600x841.jpg 600w, https:\/\/liedena.es\/wp-content\/uploads\/2016\/05\/INFO_WHASAPP-730x1024.jpg 730w, https:\/\/liedena.es\/wp-content\/uploads\/2016\/05\/INFO_WHASAPP-768x1077.jpg 768w, https:\/\/liedena.es\/wp-content\/uploads\/2016\/05\/INFO_WHASAPP-800x1122.jpg 800w, https:\/\/liedena.es\/wp-content\/uploads\/2016\/05\/INFO_WHASAPP-1200x1682.jpg 1200w, https:\/\/liedena.es\/wp-content\/uploads\/2016\/05\/INFO_WHASAPP.jpg 1704w\" sizes=\"(max-width: 387px) 100vw, 387px\" \/><img decoding=\"async\" class=\"wp-image-3223 alignright\" src=\"https:\/\/liedena.es\/wp-content\/uploads\/2024\/03\/telegram.jpg\" alt=\"\" width=\"481\" height=\"458\" srcset=\"https:\/\/liedena.es\/wp-content\/uploads\/2024\/03\/telegram-63x60.jpg 63w, https:\/\/liedena.es\/wp-content\/uploads\/2024\/03\/telegram-95x90.jpg 95w, https:\/\/liedena.es\/wp-content\/uploads\/2024\/03\/telegram-200x190.jpg 200w, https:\/\/liedena.es\/wp-content\/uploads\/2024\/03\/telegram-300x286.jpg 300w, https:\/\/liedena.es\/wp-content\/uploads\/2024\/03\/telegram-400x381.jpg 400w, https:\/\/liedena.es\/wp-content\/uploads\/2024\/03\/telegram-600x571.jpg 600w, https:\/\/liedena.es\/wp-content\/uploads\/2024\/03\/telegram-768x731.jpg 768w, https:\/\/liedena.es\/wp-content\/uploads\/2024\/03\/telegram-800x762.jpg 800w, https:\/\/liedena.es\/wp-content\/uploads\/2024\/03\/telegram-1024x975.jpg 1024w, https:\/\/liedena.es\/wp-content\/uploads\/2024\/03\/telegram-1200x1143.jpg 1200w, https:\/\/liedena.es\/wp-content\/uploads\/2024\/03\/telegram-1536x1463.jpg 1536w, https:\/\/liedena.es\/wp-content\/uploads\/2024\/03\/telegram.jpg 1654w\" sizes=\"(max-width: 481px) 100vw, 481px\" \/><\/p>\n<\/div><\/div><\/div><\/div><\/div>\n","protected":false},"excerpt":{"rendered":"","protected":false},"author":1,"featured_media":0,"parent":42,"menu_order":0,"comment_status":"closed","ping_status":"closed","template":"","meta":{"_acf_changed":false,"_price":"","_stock":"","_tribe_ticket_header":"","_tribe_default_ticket_provider":"","_tribe_ticket_capacity":"0","_ticket_start_date":"","_ticket_end_date":"","_tribe_ticket_show_description":"","_tribe_ticket_show_not_going":false,"_tribe_ticket_use_global_stock":"","_tribe_ticket_global_stock_level":"","_global_stock_mode":"","_global_stock_cap":"","_tribe_rsvp_for_event":"","_tribe_ticket_going_count":"","_tribe_ticket_not_going_count":"","_tribe_tickets_list":"[]","_tribe_ticket_has_attendee_info_fields":false,"footnotes":"","_tec_slr_enabled":"","_tec_slr_layout":""},"class_list":["post-109","page","type-page","status-publish","hentry"],"acf":[],"ticketed":false,"_links":{"self":[{"href":"https:\/\/liedena.es\/index.php\/wp-json\/wp\/v2\/pages\/109","targetHints":{"allow":["GET"]}}],"collection":[{"href":"https:\/\/liedena.es\/index.php\/wp-json\/wp\/v2\/pages"}],"about":[{"href":"https:\/\/liedena.es\/index.php\/wp-json\/wp\/v2\/types\/page"}],"author":[{"embeddable":true,"href":"https:\/\/liedena.es\/index.php\/wp-json\/wp\/v2\/users\/1"}],"replies":[{"embeddable":true,"href":"https:\/\/liedena.es\/index.php\/wp-json\/wp\/v2\/comments?post=109"}],"version-history":[{"count":16,"href":"https:\/\/liedena.es\/index.php\/wp-json\/wp\/v2\/pages\/109\/revisions"}],"predecessor-version":[{"id":3224,"href":"https:\/\/liedena.es\/index.php\/wp-json\/wp\/v2\/pages\/109\/revisions\/3224"}],"up":[{"embeddable":true,"href":"https:\/\/liedena.es\/index.php\/wp-json\/wp\/v2\/pages\/42"}],"wp:attachment":[{"href":"https:\/\/liedena.es\/index.php\/wp-json\/wp\/v2\/media?parent=109"}],"curies":[{"name":"wp","href":"https:\/\/api.w.org\/{rel}","templated":true}]}}