{"id":114,"date":"2016-05-31T11:38:10","date_gmt":"2016-05-31T11:38:10","guid":{"rendered":"http:\/\/liedena.enekoapaolaza.com\/?page_id=114"},"modified":"2025-04-30T13:51:31","modified_gmt":"2025-04-30T11:51:31","slug":"ordenanzas-y-reglamentos","status":"publish","type":"page","link":"https:\/\/liedena.es\/index.php\/ayuntamiento\/ordenanzas-y-reglamentos\/","title":{"rendered":"Ordenanzas y Reglamentos"},"content":{"rendered":"<div class=\"fusion-fullwidth fullwidth-box fusion-builder-row-1 fusion-flex-container nonhundred-percent-fullwidth non-hundred-percent-height-scrolling\" style=\"--awb-border-radius-top-left:0px;--awb-border-radius-top-right:0px;--awb-border-radius-bottom-right:0px;--awb-border-radius-bottom-left:0px;--awb-flex-wrap:wrap;\" ><div class=\"fusion-builder-row fusion-row fusion-flex-align-items-flex-start fusion-flex-content-wrap\" style=\"max-width:1144px;margin-left: calc(-4% \/ 2 );margin-right: calc(-4% \/ 2 );\"><div class=\"fusion-layout-column fusion_builder_column fusion-builder-column-0 fusion_builder_column_1_1 1_1 fusion-flex-column\" style=\"--awb-bg-size:cover;--awb-width-large:100%;--awb-margin-top-large:0px;--awb-spacing-right-large:1.92%;--awb-margin-bottom-large:0px;--awb-spacing-left-large:1.92%;--awb-width-medium:100%;--awb-spacing-right-medium:1.92%;--awb-spacing-left-medium:1.92%;--awb-width-small:100%;--awb-spacing-right-small:1.92%;--awb-spacing-left-small:1.92%;\"><div class=\"fusion-column-wrapper fusion-flex-justify-content-flex-start fusion-content-layout-column\"><div class=\"fusion-text fusion-text-1\" style=\"--awb-text-transform:none;\"><p><span style=\"color: #ff0000;\"><em><strong>Ordenanzas y reglamentos<\/strong><\/em><\/span><\/p>\n<p><a href=\"https:\/\/liedena.es\/wp-content\/uploads\/2025\/04\/Calendario-del-contribuyente-2025.pdf\" class=\"mtli_attachment mtli_pdf\" target=\"_blank\" rel=\"noopener\"><span style=\"color: #ff0000;\"><em><strong><span style=\"color: #0000ff;\">Calendario del contribuyente 2025<\/span><\/strong><\/em><\/span><\/a><\/p>\n<p><span style=\"color: #ff0000;\"><em><strong><a href=\"https:\/\/liedena.es\/wp-content\/uploads\/2024\/02\/Ordenanza-reguladora-de-la-utilizacion-de-las-piscinas-municipales-.pdf\" class=\"mtli_attachment mtli_pdf\" target=\"_blank\" rel=\"noopener\">Ordenanza reguladora de la utilizaci\u00f3n de las piscinas municipales<\/a><\/strong><\/em><\/span><\/p>\n<p><a href=\"https:\/\/liedena.es\/wp-content\/uploads\/2022\/03\/Ordenanza-municipal-reguladora-del-uso-de-la-administracion-electronica.pdf\" class=\"mtli_attachment mtli_pdf\" target=\"_blank\" rel=\"noopener\">Ordenanza municipal reguladora del uso de la administraci\u00f3n electr\u00f3nica<\/a><\/p>\n<p><a href=\"https:\/\/bon.navarra.es\/es\/anuncio\/-\/texto\/2021\/246\/22\" target=\"_blank\" rel=\"noopener\">Ordenanza de la V\u00eda P\u00fablica de Li\u00e9dena\u00a0<\/a><\/p>\n<p><a href=\"https:\/\/liedena.es\/wp-content\/uploads\/2022\/03\/Ordenanza-fiscal-reguladora-del-Impuesto-sobre-Construcciones-Instalaciones-y-Obras-del-Ayuntamiento-de-Liedena.pdf\" class=\"mtli_attachment mtli_pdf\" target=\"_blank\" rel=\"noopener\">Ordenanza fiscal del Impuesto sobre Construcciones, Instalaciones y Obras<\/a><\/p>\n<p><a href=\"https:\/\/liedena.es\/wp-content\/uploads\/2025\/02\/Ordenanza-reguladora-del-rocodromo-de-Liedena.pdf\" class=\"mtli_attachment mtli_pdf\" target=\"_blank\" rel=\"noopener\">Ordenanza reguladora del roc\u00f3dromo<\/a><\/p>\n<p><span style=\"color: #ff0000;\"><em><strong><a href=\"https:\/\/liedena.es\/wp-content\/uploads\/2019\/04\/Ordenanza-venta-ambulante.pdf\" class=\"mtli_attachment mtli_pdf\" target=\"_blank\" rel=\"noopener\">Ordenanza venta ambulante<\/a><\/strong><\/em><\/span><\/p>\n<p><a href=\"https:\/\/liedena.es\/wp-content\/uploads\/2020\/06\/doc01363720200617100535.pdf\" class=\"mtli_attachment mtli_pdf\" target=\"_blank\" rel=\"noopener\">Ordenanza de perros<\/a><\/p>\n<p><a href=\"https:\/\/liedena.es\/wp-content\/uploads\/2023\/04\/Ordenanza-reguladora-de-las-tasas-por-licencias-urbanisticas-y-de-edificacion.pdf\" class=\"mtli_attachment mtli_pdf\" target=\"_blank\" rel=\"noopener\">Ordenanza reguladora de las tasas por licencias urban\u00edsticas y de edificacion<\/a><\/p>\n<p><a href=\"https:\/\/liedena.es\/wp-content\/uploads\/2016\/05\/ordenanza_obras_menores.pdf\" class=\"mtli_attachment mtli_pdf\">Ordenanza_obras_menores<\/a><\/p>\n<p><a href=\"https:\/\/liedena.es\/wp-content\/uploads\/2016\/05\/Ordenanza-fiscal-general.pdf\" class=\"mtli_attachment mtli_pdf\" target=\"_blank\" rel=\"noopener\">Ordenanza fiscal general<\/a><\/p>\n<p><a href=\"https:\/\/liedena.es\/wp-content\/uploads\/2016\/05\/Ordenanza-empresas-suministros.pdf\" class=\"mtli_attachment mtli_pdf\" target=\"_blank\" rel=\"noopener\">Ordenanza empresas suministros<\/a><\/p>\n<p><a href=\"https:\/\/liedena.es\/wp-content\/uploads\/2018\/04\/Ordenanza-de-comunales.pdf\" class=\"mtli_attachment mtli_pdf\" target=\"_blank\" rel=\"noopener\">Ordenanza de comunales<\/a><\/p>\n<p><a href=\"https:\/\/liedena.es\/wp-content\/uploads\/2016\/05\/Ordenanza-cementerio.pdf\" class=\"mtli_attachment mtli_pdf\" target=\"_blank\" rel=\"noopener\">Ordenanza cementerio<\/a><\/p>\n<p><a href=\"https:\/\/liedena.es\/wp-content\/uploads\/2016\/05\/Ordenanza-caminos.pdf\" class=\"mtli_attachment mtli_pdf\" target=\"_blank\" rel=\"noopener\">Ordenanza caminos<\/a><\/p>\n<p><a href=\"https:\/\/liedena.es\/wp-content\/uploads\/2016\/05\/Ordenanza-aprove.-especiales.pdf\" class=\"mtli_attachment mtli_pdf\" target=\"_blank\" rel=\"noopener\">Ordenanza aprove. especiales<\/a><\/p>\n<p><a href=\"https:\/\/liedena.es\/wp-content\/uploads\/2016\/05\/Ordenanza-alcantarillado.pdf\" class=\"mtli_attachment mtli_pdf\" target=\"_blank\" rel=\"noopener\">Ordenanza alcantarillado<\/a><\/p>\n<p><a href=\"https:\/\/liedena.es\/wp-content\/uploads\/2025\/04\/Ordenanza-reguladora-de-las-tasas-por-suministro-de-agua-3.pdf\" class=\"mtli_attachment mtli_pdf\" target=\"_blank\" rel=\"noopener\">Ordenanza reguladora de las tasas por suministro de agua<\/a><\/p>\n<p><a href=\"https:\/\/liedena.es\/wp-content\/uploads\/2016\/05\/Ordenanza-actividades-clasificadas.pdf\" class=\"mtli_attachment mtli_pdf\" target=\"_blank\" rel=\"noopener\">Ordenanza actividades clasificadas<\/a><\/p>\n<p><a href=\"https:\/\/liedena.es\/wp-content\/uploads\/2024\/02\/Ordenanza-de-instalaciones-deportivas.pdf\" class=\"mtli_attachment mtli_pdf\" target=\"_blank\" rel=\"noopener\">Ordenanza de instalaciones deportivas<\/a><\/p>\n<p><a href=\"https:\/\/liedena.es\/wp-content\/uploads\/2019\/11\/Ordenanza-ayudas-de-rehabilitaci\u00f3n-de-viviendas-1.pdf\" class=\"mtli_attachment mtli_pdf\" target=\"_blank\" rel=\"noopener\">Ordenanza ayudas de rehabilitaci\u00f3n de viviendas\u00a0<\/a><\/p>\n<p><a href=\"https:\/\/liedena.es\/wp-content\/uploads\/2020\/10\/Ordenaza-ayuda-a-actividades-extraescolares.pdf\" class=\"mtli_attachment mtli_pdf\" target=\"_blank\" rel=\"noopener\">Ordenaza ayuda a actividades extraescolares<\/a><\/p>\n<p><a href=\"https:\/\/liedena.es\/wp-content\/uploads\/2020\/10\/Odenanza-Impuesto-Veh\u00edculos.pdf\" class=\"mtli_attachment mtli_pdf\" target=\"_blank\" rel=\"noopener\">Odenanza Impuesto Veh\u00edculos\u00a0<\/a><\/p>\n<h3><span style=\"color: #ff0000;\">PLAN GENERAL MUNICIPAL<\/span><\/h3>\n<p><span class=\"enlace-pdf\"><a href=\"https:\/\/liedena.es\/wp-content\/uploads\/2022\/08\/L1811049_Liedena-Plan-1.pdf\" class=\"mtli_attachment mtli_pdf\" target=\"_blank\" rel=\"noopener\">Plan General Municipal<\/a><\/span>\u00a0(PDF).<\/p>\n<\/div><\/div><\/div><\/div><\/div>\n","protected":false},"excerpt":{"rendered":"","protected":false},"author":1,"featured_media":0,"parent":42,"menu_order":0,"comment_status":"closed","ping_status":"closed","template":"","meta":{"_acf_changed":false,"_price":"","_stock":"","_tribe_ticket_header":"","_tribe_default_ticket_provider":"","_tribe_ticket_capacity":"0","_ticket_start_date":"","_ticket_end_date":"","_tribe_ticket_show_description":"","_tribe_ticket_show_not_going":false,"_tribe_ticket_use_global_stock":"","_tribe_ticket_global_stock_level":"","_global_stock_mode":"","_global_stock_cap":"","_tribe_rsvp_for_event":"","_tribe_ticket_going_count":"","_tribe_ticket_not_going_count":"","_tribe_tickets_list":"[]","_tribe_ticket_has_attendee_info_fields":false,"footnotes":"","_tec_slr_enabled":"","_tec_slr_layout":""},"class_list":["post-114","page","type-page","status-publish","hentry"],"acf":[],"ticketed":false,"_links":{"self":[{"href":"https:\/\/liedena.es\/index.php\/wp-json\/wp\/v2\/pages\/114","targetHints":{"allow":["GET"]}}],"collection":[{"href":"https:\/\/liedena.es\/index.php\/wp-json\/wp\/v2\/pages"}],"about":[{"href":"https:\/\/liedena.es\/index.php\/wp-json\/wp\/v2\/types\/page"}],"author":[{"embeddable":true,"href":"https:\/\/liedena.es\/index.php\/wp-json\/wp\/v2\/users\/1"}],"replies":[{"embeddable":true,"href":"https:\/\/liedena.es\/index.php\/wp-json\/wp\/v2\/comments?post=114"}],"version-history":[{"count":41,"href":"https:\/\/liedena.es\/index.php\/wp-json\/wp\/v2\/pages\/114\/revisions"}],"predecessor-version":[{"id":3798,"href":"https:\/\/liedena.es\/index.php\/wp-json\/wp\/v2\/pages\/114\/revisions\/3798"}],"up":[{"embeddable":true,"href":"https:\/\/liedena.es\/index.php\/wp-json\/wp\/v2\/pages\/42"}],"wp:attachment":[{"href":"https:\/\/liedena.es\/index.php\/wp-json\/wp\/v2\/media?parent=114"}],"curies":[{"name":"wp","href":"https:\/\/api.w.org\/{rel}","templated":true}]}}