{"id":151,"date":"2016-06-01T09:51:49","date_gmt":"2016-06-01T09:51:49","guid":{"rendered":"http:\/\/liedena.enekoapaolaza.com\/?page_id=151"},"modified":"2023-03-15T12:46:46","modified_gmt":"2023-03-15T10:46:46","slug":"organizacion-y-asociaciones","status":"publish","type":"page","link":"https:\/\/liedena.es\/index.php\/lugar-y-gentes\/organizacion-y-asociaciones\/","title":{"rendered":"Organizaci\u00f3n y Asociaciones"},"content":{"rendered":"<div class=\"fusion-fullwidth fullwidth-box fusion-builder-row-1 fusion-flex-container nonhundred-percent-fullwidth non-hundred-percent-height-scrolling\" style=\"--awb-border-radius-top-left:0px;--awb-border-radius-top-right:0px;--awb-border-radius-bottom-right:0px;--awb-border-radius-bottom-left:0px;--awb-flex-wrap:wrap;\" ><div class=\"fusion-builder-row fusion-row fusion-flex-align-items-flex-start fusion-flex-content-wrap\" style=\"max-width:1144px;margin-left: calc(-4% \/ 2 );margin-right: calc(-4% \/ 2 );\"><div class=\"fusion-layout-column fusion_builder_column fusion-builder-column-0 fusion_builder_column_1_1 1_1 fusion-flex-column\" style=\"--awb-bg-size:cover;--awb-width-large:100%;--awb-margin-top-large:0px;--awb-spacing-right-large:1.92%;--awb-margin-bottom-large:0px;--awb-spacing-left-large:1.92%;--awb-width-medium:100%;--awb-spacing-right-medium:1.92%;--awb-spacing-left-medium:1.92%;--awb-width-small:100%;--awb-spacing-right-small:1.92%;--awb-spacing-left-small:1.92%;\"><div class=\"fusion-column-wrapper fusion-flex-justify-content-flex-start fusion-content-layout-column\"><div class=\"fusion-text fusion-text-1\"><p><img decoding=\"async\" class=\"alignnone wp-image-584\" src=\"https:\/\/liedena.es\/wp-content\/uploads\/2016\/06\/centro-loiti-300x200.jpg\" alt=\"centro loiti\" width=\"494\" height=\"329\" srcset=\"https:\/\/liedena.es\/wp-content\/uploads\/2016\/06\/centro-loiti-200x133.jpg 200w, https:\/\/liedena.es\/wp-content\/uploads\/2016\/06\/centro-loiti-300x200.jpg 300w, https:\/\/liedena.es\/wp-content\/uploads\/2016\/06\/centro-loiti-400x266.jpg 400w, https:\/\/liedena.es\/wp-content\/uploads\/2016\/06\/centro-loiti.jpg 500w\" sizes=\"(max-width: 494px) 100vw, 494px\" \/><\/p>\n<h3><span style=\"text-decoration: underline;\">ASOCIACI\u00d3N LI\u00c9DENA\/LEDEA ELKARTEA\u00a0<\/span><\/h3>\n<h3>La Asociaci\u00f3n Li\u00e9dena\/Ledea Elkartea es una asociaci\u00f3n deportiva, cultural, social y gastron\u00f3mica.<\/h3>\n<h3>Est\u00e1 situada en la Plaza Padre Mendive.<\/h3>\n<p><img decoding=\"async\" class=\"alignnone wp-image-585\" src=\"https:\/\/liedena.es\/wp-content\/uploads\/2016\/06\/circulo-300x200.jpg\" alt=\"circulo\" width=\"440\" height=\"293\" srcset=\"https:\/\/liedena.es\/wp-content\/uploads\/2016\/06\/circulo-200x133.jpg 200w, https:\/\/liedena.es\/wp-content\/uploads\/2016\/06\/circulo-300x200.jpg 300w, https:\/\/liedena.es\/wp-content\/uploads\/2016\/06\/circulo-400x267.jpg 400w, https:\/\/liedena.es\/wp-content\/uploads\/2016\/06\/circulo-600x400.jpg 600w, https:\/\/liedena.es\/wp-content\/uploads\/2016\/06\/circulo-768x512.jpg 768w, https:\/\/liedena.es\/wp-content\/uploads\/2016\/06\/circulo-800x534.jpg 800w, https:\/\/liedena.es\/wp-content\/uploads\/2016\/06\/circulo-1024x683.jpg 1024w, https:\/\/liedena.es\/wp-content\/uploads\/2016\/06\/circulo-1200x800.jpg 1200w, https:\/\/liedena.es\/wp-content\/uploads\/2016\/06\/circulo.jpg 1600w\" sizes=\"(max-width: 440px) 100vw, 440px\" \/><\/p>\n<h3><span style=\"text-decoration: underline;\">ASOCIACI\u00d3N \u00abEL C\u00cdRCULO\u00bb\u00a0<\/span><\/h3>\n<h3>La Asociaci\u00f3n \u00abEl C\u00edrculo\u00bb de Li\u00e9dena es una sociedad gastron\u00f3mica con m\u00e1s de 100 a\u00f1os de antig\u00faedad.<\/h3>\n<h3>Est\u00e1 situada en la Calle Escuelas<\/h3>\n<h2><span style=\"color: #ff0000;\"><em><strong>\u00abEl Irati\u00bb Asociaci\u00f3n Cultural<\/strong><\/em><\/span><\/h2>\n<p><img decoding=\"async\" class=\"alignnone size-medium wp-image-728\" src=\"https:\/\/liedena.es\/wp-content\/uploads\/2016\/06\/250171_1112760135443551_8747899327937037515_n-300x225.jpg\" alt=\"250171_1112760135443551_8747899327937037515_n\" width=\"300\" height=\"225\" srcset=\"https:\/\/liedena.es\/wp-content\/uploads\/2016\/06\/250171_1112760135443551_8747899327937037515_n-200x150.jpg 200w, https:\/\/liedena.es\/wp-content\/uploads\/2016\/06\/250171_1112760135443551_8747899327937037515_n-300x225.jpg 300w, https:\/\/liedena.es\/wp-content\/uploads\/2016\/06\/250171_1112760135443551_8747899327937037515_n-400x300.jpg 400w, https:\/\/liedena.es\/wp-content\/uploads\/2016\/06\/250171_1112760135443551_8747899327937037515_n-600x450.jpg 600w, https:\/\/liedena.es\/wp-content\/uploads\/2016\/06\/250171_1112760135443551_8747899327937037515_n-768x576.jpg 768w, https:\/\/liedena.es\/wp-content\/uploads\/2016\/06\/250171_1112760135443551_8747899327937037515_n-800x600.jpg 800w, https:\/\/liedena.es\/wp-content\/uploads\/2016\/06\/250171_1112760135443551_8747899327937037515_n.jpg 960w\" sizes=\"(max-width: 300px) 100vw, 300px\" \/><\/p>\n<p>En el a\u00f1o 2007 se form\u00f3 esta asociaci\u00f3n cultural<\/p>\n<p>que tiene como objetivo dar a sus asociados y afines<\/p>\n<p>ofertas culturales y de entretenimiento. Entre sus actividades<\/p>\n<p>podemos destacar: Excursiones l\u00fadicas y culturales, actividades<\/p>\n<p>deportivas como gimnasia, etc<\/p>\n<p><img decoding=\"async\" class=\"size-full wp-image-486 alignleft\" src=\"https:\/\/liedena.es\/wp-content\/uploads\/2016\/05\/10930845_884093261643574_2536174046493421955_n.jpg\" alt=\"\" width=\"206\" height=\"206\" srcset=\"https:\/\/liedena.es\/wp-content\/uploads\/2016\/05\/10930845_884093261643574_2536174046493421955_n-66x66.jpg 66w, https:\/\/liedena.es\/wp-content\/uploads\/2016\/05\/10930845_884093261643574_2536174046493421955_n-100x100.jpg 100w, https:\/\/liedena.es\/wp-content\/uploads\/2016\/05\/10930845_884093261643574_2536174046493421955_n-150x150.jpg 150w, https:\/\/liedena.es\/wp-content\/uploads\/2016\/05\/10930845_884093261643574_2536174046493421955_n-200x200.jpg 200w, https:\/\/liedena.es\/wp-content\/uploads\/2016\/05\/10930845_884093261643574_2536174046493421955_n.jpg 206w\" sizes=\"(max-width: 206px) 100vw, 206px\" \/>El Centro Social y Cultural de Li\u00e9dena es un servicio dependiente del Ayuntamiento de Li\u00e9dena. En \u00e9l se desarrollan varias actividades como pueden ser cursos de la memoria para la tercera edad, cursos de gimnasia para varias edades, cursos de bailes y sevillanas, fiestas infantiles, etc.<\/p>\n<p>Dispone de varios espacios. Uno de ellos est\u00e1 dedicado a juegos de mesa y tertulia. Sala de TV y biblioteca. Zona de internet. Sala de juegos infantiles. Espacio equipado con m\u00e1quinas de gimnasia. Sala de conferencias exposiciones y proyecciones, etc.<\/p>\n<\/div><\/div><\/div><\/div><\/div>\n","protected":false},"excerpt":{"rendered":"","protected":false},"author":1,"featured_media":0,"parent":147,"menu_order":0,"comment_status":"closed","ping_status":"closed","template":"","meta":{"_acf_changed":false,"_price":"","_stock":"","_tribe_ticket_header":"","_tribe_default_ticket_provider":"","_tribe_ticket_capacity":"0","_ticket_start_date":"","_ticket_end_date":"","_tribe_ticket_show_description":"","_tribe_ticket_show_not_going":false,"_tribe_ticket_use_global_stock":"","_tribe_ticket_global_stock_level":"","_global_stock_mode":"","_global_stock_cap":"","_tribe_rsvp_for_event":"","_tribe_ticket_going_count":"","_tribe_ticket_not_going_count":"","_tribe_tickets_list":"[]","_tribe_ticket_has_attendee_info_fields":false,"footnotes":"","_tec_slr_enabled":"","_tec_slr_layout":""},"class_list":["post-151","page","type-page","status-publish","hentry"],"acf":[],"ticketed":false,"_links":{"self":[{"href":"https:\/\/liedena.es\/index.php\/wp-json\/wp\/v2\/pages\/151","targetHints":{"allow":["GET"]}}],"collection":[{"href":"https:\/\/liedena.es\/index.php\/wp-json\/wp\/v2\/pages"}],"about":[{"href":"https:\/\/liedena.es\/index.php\/wp-json\/wp\/v2\/types\/page"}],"author":[{"embeddable":true,"href":"https:\/\/liedena.es\/index.php\/wp-json\/wp\/v2\/users\/1"}],"replies":[{"embeddable":true,"href":"https:\/\/liedena.es\/index.php\/wp-json\/wp\/v2\/comments?post=151"}],"version-history":[{"count":19,"href":"https:\/\/liedena.es\/index.php\/wp-json\/wp\/v2\/pages\/151\/revisions"}],"predecessor-version":[{"id":2857,"href":"https:\/\/liedena.es\/index.php\/wp-json\/wp\/v2\/pages\/151\/revisions\/2857"}],"up":[{"embeddable":true,"href":"https:\/\/liedena.es\/index.php\/wp-json\/wp\/v2\/pages\/147"}],"wp:attachment":[{"href":"https:\/\/liedena.es\/index.php\/wp-json\/wp\/v2\/media?parent=151"}],"curies":[{"name":"wp","href":"https:\/\/api.w.org\/{rel}","templated":true}]}}