{"id":153,"date":"2016-06-01T09:55:30","date_gmt":"2016-06-01T09:55:30","guid":{"rendered":"http:\/\/liedena.enekoapaolaza.com\/?page_id=153"},"modified":"2021-01-07T13:30:52","modified_gmt":"2021-01-07T11:30:52","slug":"geografia","status":"publish","type":"page","link":"https:\/\/liedena.es\/index.php\/lugar-y-gentes\/geografia\/","title":{"rendered":"Geograf\u00eda"},"content":{"rendered":"<p><img decoding=\"async\" src=\"https:\/\/liedena.es\/wp-content\/uploads\/2016\/06\/533556_10151156046309849_1038447117_n-300x200.jpg\" alt=\"\" \/>ENLACES DE INTER\u00c9S GEOGR\u00c1FICO DE LI\u00c9DENA<\/p>\n<p><a href=\"http:\/\/www.rutasnavarra.com\/Rutas\/Traves%C3%ADa-Leyre-Li%C3%A9dena_Monasterio-de-Leyre-Lumbier-Foz-de-Lumbier-Li%C3%A9dena_5007.html\" target=\"_blank\" rel=\"noopener\">http:\/\/www.rutasnavarra.com\/Rutas\/Traves%C3%ADa-Leyre-Li%C3%A9dena_Monasterio-de-Leyre-Lumbier-Foz-de-Lumbier-Li%C3%A9dena_5007.html<\/a><\/p>\n<p><a href=\"http:\/\/saihebro.com\/saihebro\/index.php?url=\/datos\/ficha\/estacion:A065\" target=\"_blank\" rel=\"noopener\">http:\/\/saihebro.com\/saihebro\/index.php?url=\/datos\/ficha\/estacion:A065<\/a><\/p>\n<p><a href=\"http:\/\/www.rutasnavarra.com\/Rutas\/Foz-de-Lumbier-Li%C3%A9dena-Castillo-de-Javier_Foz-de-Lumbier-Li%C3%A9dena-Isla-de-Sang%C3%BCesa-Castillo-de-Javier_5058.html\" target=\"_blank\" rel=\"noopener\">http:\/\/www.rutasnavarra.com\/Rutas\/Foz-de-Lumbier-Li%C3%A9dena-Castillo-de-Javier_Foz-de-Lumbier-Li%C3%A9dena-Isla-de-Sang%C3%BCesa-Castillo-de-Javier_5058.html<\/a><\/p>\n<p><a href=\"http:\/\/www.misescapadaspornavarra.com\/150-foz-lumbier-ilunberri-liedena-puente-diablo-tren-irati-rio-irati.html\" target=\"_blank\" rel=\"noopener\">http:\/\/www.misescapadaspornavarra.com\/150-foz-lumbier-ilunberri-liedena-puente-diablo-tren-irati-rio-irati.html<\/a><\/p>\n<p><a href=\"http:\/\/www.nattura.com\/\" target=\"_blank\" rel=\"noopener\">http:\/\/www.nattura.com\/<\/a><\/p>\n<p><a href=\"http:\/\/es.wikiloc.com\/rutas\/senderismo\/espana\/navarra\/liedena\" target=\"_blank\" rel=\"noopener\">http:\/\/es.wikiloc.com\/rutas\/senderismo\/espana\/navarra\/liedena<\/a><\/p>\n<p><a href=\"http:\/\/www.navarrabicicleta.com\/content\/rutas-en-bicicleta-por-navarra-sang%C3%BCesa-li%C3%A9dena-leyre-sang%C3%BCesa\" target=\"_blank\" rel=\"noopener\">http:\/\/www.navarrabicicleta.com\/content\/rutas-en-bicicleta-por-navarra-sang%C3%BCesa-li%C3%A9dena-leyre-sang%C3%BCesa<\/a><\/p>\n<p><a href=\"http:\/\/kayakaguasbravas.blogspot.com.es\/2015\/03\/2015-03-14-lumbier-liedena-por-el-rio.html\" target=\"_blank\" rel=\"noopener\">http:\/\/kayakaguasbravas.blogspot.com.es\/2015\/03\/2015-03-14-lumbier-liedena-por-el-rio.html<\/a><\/p>\n<p><a href=\"http:\/\/www.minube.com\/rincon\/ruta-circular-en-la-foz-de-lumbier-a2178525\" target=\"_blank\" rel=\"noopener\">http:\/\/www.minube.com\/rincon\/ruta-circular-en-la-foz-de-lumbier-a2178525<\/a><\/p>\n<p><a href=\"http:\/\/es.wikiloc.com\/wikiloc\/view.do?id=4350501\" target=\"_blank\" rel=\"noopener\">http:\/\/es.wikiloc.com\/wikiloc\/view.do?id=4350501<\/a><\/p>\n<p><a href=\"http:\/\/liedenasanguesabotanica.blogspot.com.es\/2013\/11\/artemisia-campestris.html\" target=\"_blank\" rel=\"noopener\">http:\/\/liedenasanguesabotanica.blogspot.com.es\/2013\/11\/artemisia-campestris.html<\/a><\/p>\n<p><a href=\"http:\/\/www.mendikat.net\/com\/mount\/4751\">http:\/\/www.mendikat.net\/com\/mount\/4751<\/a><\/p>\n<h2 class=\"pagetitle \"><\/h2>\n","protected":false},"excerpt":{"rendered":"<p>ENLACES DE INTER\u00c9S GEOGR\u00c1FICO DE LI\u00c9DENA http:\/\/www.rutasnavarra.com\/Rutas\/Traves%C3%ADa-Leyre-Li%C3%A9dena_Monasterio-de-Leyre-Lumbier-Foz-de-Lumbier-Li%C3%A9dena_5007.html http:\/\/saihebro.com\/saihebro\/index.php?url=\/datos\/ficha\/estacion:A065 http:\/\/www.rutasnavarra.com\/Rutas\/Foz-de-Lumbier-Li%C3%A9dena-Castillo-de-Javier_Foz-de-Lumbier-Li%C3%A9dena-Isla-de-Sang%C3%BCesa-Castillo-de-Javier_5058.html http:\/\/www.misescapadaspornavarra.com\/150-foz-lumbier-ilunberri-liedena-puente-diablo-tren-irati-rio-irati.html http:\/\/www.nattura.com\/ http:\/\/es.wikiloc.com\/rutas\/senderismo\/espana\/navarra\/liedena http:\/\/www.navarrabicicleta.com\/content\/rutas-en-bicicleta-por-navarra-sang%C3%BCesa-li%C3%A9dena-leyre-sang%C3%BCesa http:\/\/kayakaguasbravas.blogspot.com.es\/2015\/03\/2015-03-14-lumbier-liedena-por-el-rio.html http:\/\/www.minube.com\/rincon\/ruta-circular-en-la-foz-de-lumbier-a2178525 http:\/\/es.wikiloc.com\/wikiloc\/view.do?id=4350501 http:\/\/liedenasanguesabotanica.blogspot.com.es\/2013\/11\/artemisia-campestris.html http:\/\/www.mendikat.net\/com\/mount\/4751<\/p>\n","protected":false},"author":1,"featured_media":0,"parent":147,"menu_order":0,"comment_status":"closed","ping_status":"closed","template":"","meta":{"_acf_changed":false,"_price":"","_stock":"","_tribe_ticket_header":"","_tribe_default_ticket_provider":"","_tribe_ticket_capacity":"0","_ticket_start_date":"","_ticket_end_date":"","_tribe_ticket_show_description":"","_tribe_ticket_show_not_going":false,"_tribe_ticket_use_global_stock":"","_tribe_ticket_global_stock_level":"","_global_stock_mode":"","_global_stock_cap":"","_tribe_rsvp_for_event":"","_tribe_ticket_going_count":"","_tribe_ticket_not_going_count":"","_tribe_tickets_list":"[]","_tribe_ticket_has_attendee_info_fields":false,"footnotes":"","_tec_slr_enabled":"","_tec_slr_layout":""},"class_list":["post-153","page","type-page","status-publish","hentry"],"acf":[],"ticketed":false,"_links":{"self":[{"href":"https:\/\/liedena.es\/index.php\/wp-json\/wp\/v2\/pages\/153","targetHints":{"allow":["GET"]}}],"collection":[{"href":"https:\/\/liedena.es\/index.php\/wp-json\/wp\/v2\/pages"}],"about":[{"href":"https:\/\/liedena.es\/index.php\/wp-json\/wp\/v2\/types\/page"}],"author":[{"embeddable":true,"href":"https:\/\/liedena.es\/index.php\/wp-json\/wp\/v2\/users\/1"}],"replies":[{"embeddable":true,"href":"https:\/\/liedena.es\/index.php\/wp-json\/wp\/v2\/comments?post=153"}],"version-history":[{"count":8,"href":"https:\/\/liedena.es\/index.php\/wp-json\/wp\/v2\/pages\/153\/revisions"}],"predecessor-version":[{"id":1771,"href":"https:\/\/liedena.es\/index.php\/wp-json\/wp\/v2\/pages\/153\/revisions\/1771"}],"up":[{"embeddable":true,"href":"https:\/\/liedena.es\/index.php\/wp-json\/wp\/v2\/pages\/147"}],"wp:attachment":[{"href":"https:\/\/liedena.es\/index.php\/wp-json\/wp\/v2\/media?parent=153"}],"curies":[{"name":"wp","href":"https:\/\/api.w.org\/{rel}","templated":true}]}}