{"id":155,"date":"2016-06-01T10:29:45","date_gmt":"2016-06-01T10:29:45","guid":{"rendered":"http:\/\/liedena.enekoapaolaza.com\/?page_id=155"},"modified":"2023-01-21T11:09:29","modified_gmt":"2023-01-21T09:09:29","slug":"historia","status":"publish","type":"page","link":"https:\/\/liedena.es\/index.php\/lugar-y-gentes\/historia\/","title":{"rendered":"Historia"},"content":{"rendered":"<div class=\"fusion-fullwidth fullwidth-box fusion-builder-row-1 fusion-flex-container nonhundred-percent-fullwidth non-hundred-percent-height-scrolling\" style=\"--awb-border-radius-top-left:0px;--awb-border-radius-top-right:0px;--awb-border-radius-bottom-right:0px;--awb-border-radius-bottom-left:0px;--awb-flex-wrap:wrap;\" ><div class=\"fusion-builder-row fusion-row fusion-flex-align-items-flex-start fusion-flex-content-wrap\" style=\"max-width:1144px;margin-left: calc(-4% \/ 2 );margin-right: calc(-4% \/ 2 );\"><div class=\"fusion-layout-column fusion_builder_column fusion-builder-column-0 fusion_builder_column_1_1 1_1 fusion-flex-column\" style=\"--awb-bg-size:cover;--awb-width-large:100%;--awb-margin-top-large:0px;--awb-spacing-right-large:1.92%;--awb-margin-bottom-large:0px;--awb-spacing-left-large:1.92%;--awb-width-medium:100%;--awb-spacing-right-medium:1.92%;--awb-spacing-left-medium:1.92%;--awb-width-small:100%;--awb-spacing-right-small:1.92%;--awb-spacing-left-small:1.92%;\"><div class=\"fusion-column-wrapper fusion-flex-justify-content-flex-start fusion-content-layout-column\"><div class=\"fusion-text fusion-text-1\"><p>EN SUS OR\u00cdGENES<\/p>\n<p><img decoding=\"async\" class=\"alignnone size-medium wp-image-263\" src=\"https:\/\/liedena.es\/wp-content\/uploads\/2016\/06\/IMG-20160726-WA0002-224x300.jpg\" alt=\"IMG-20160726-WA0002\" width=\"224\" height=\"300\" srcset=\"https:\/\/liedena.es\/wp-content\/uploads\/2016\/06\/IMG-20160726-WA0002-200x268.jpg 200w, https:\/\/liedena.es\/wp-content\/uploads\/2016\/06\/IMG-20160726-WA0002-224x300.jpg 224w, https:\/\/liedena.es\/wp-content\/uploads\/2016\/06\/IMG-20160726-WA0002-400x536.jpg 400w, https:\/\/liedena.es\/wp-content\/uploads\/2016\/06\/IMG-20160726-WA0002-600x803.jpg 600w, https:\/\/liedena.es\/wp-content\/uploads\/2016\/06\/IMG-20160726-WA0002-765x1024.jpg 765w, https:\/\/liedena.es\/wp-content\/uploads\/2016\/06\/IMG-20160726-WA0002-768x1028.jpg 768w, https:\/\/liedena.es\/wp-content\/uploads\/2016\/06\/IMG-20160726-WA0002-800x1071.jpg 800w, https:\/\/liedena.es\/wp-content\/uploads\/2016\/06\/IMG-20160726-WA0002.jpg 1195w\" sizes=\"(max-width: 224px) 100vw, 224px\" \/> <img decoding=\"async\" class=\"alignnone size-medium wp-image-264\" src=\"https:\/\/liedena.es\/wp-content\/uploads\/2016\/06\/img28-300x225.jpg\" alt=\"img28\" width=\"300\" height=\"225\" srcset=\"https:\/\/liedena.es\/wp-content\/uploads\/2016\/06\/img28-200x150.jpg 200w, https:\/\/liedena.es\/wp-content\/uploads\/2016\/06\/img28-300x225.jpg 300w, https:\/\/liedena.es\/wp-content\/uploads\/2016\/06\/img28-400x299.jpg 400w, https:\/\/liedena.es\/wp-content\/uploads\/2016\/06\/img28-600x449.jpg 600w, https:\/\/liedena.es\/wp-content\/uploads\/2016\/06\/img28.jpg 680w\" sizes=\"(max-width: 300px) 100vw, 300px\" \/> <img decoding=\"async\" class=\"alignnone size-medium wp-image-265\" src=\"https:\/\/liedena.es\/wp-content\/uploads\/2016\/06\/574771_10151334590739849_1100255360_n-300x200.jpg\" alt=\"574771_10151334590739849_1100255360_n\" width=\"300\" height=\"200\" srcset=\"https:\/\/liedena.es\/wp-content\/uploads\/2016\/06\/574771_10151334590739849_1100255360_n-200x133.jpg 200w, https:\/\/liedena.es\/wp-content\/uploads\/2016\/06\/574771_10151334590739849_1100255360_n-300x200.jpg 300w, https:\/\/liedena.es\/wp-content\/uploads\/2016\/06\/574771_10151334590739849_1100255360_n-400x267.jpg 400w, https:\/\/liedena.es\/wp-content\/uploads\/2016\/06\/574771_10151334590739849_1100255360_n-600x400.jpg 600w, https:\/\/liedena.es\/wp-content\/uploads\/2016\/06\/574771_10151334590739849_1100255360_n-768x512.jpg 768w, https:\/\/liedena.es\/wp-content\/uploads\/2016\/06\/574771_10151334590739849_1100255360_n-800x533.jpg 800w, https:\/\/liedena.es\/wp-content\/uploads\/2016\/06\/574771_10151334590739849_1100255360_n.jpg 960w\" sizes=\"(max-width: 300px) 100vw, 300px\" \/> <img decoding=\"async\" class=\"alignnone size-full wp-image-268\" src=\"https:\/\/liedena.es\/wp-content\/uploads\/2016\/06\/544357_10151334599729849_633478723_n.jpg\" alt=\"544357_10151334599729849_633478723_n\" width=\"206\" height=\"206\" srcset=\"https:\/\/liedena.es\/wp-content\/uploads\/2016\/06\/544357_10151334599729849_633478723_n-66x66.jpg 66w, https:\/\/liedena.es\/wp-content\/uploads\/2016\/06\/544357_10151334599729849_633478723_n-100x100.jpg 100w, https:\/\/liedena.es\/wp-content\/uploads\/2016\/06\/544357_10151334599729849_633478723_n-150x150.jpg 150w, https:\/\/liedena.es\/wp-content\/uploads\/2016\/06\/544357_10151334599729849_633478723_n-200x200.jpg 200w, https:\/\/liedena.es\/wp-content\/uploads\/2016\/06\/544357_10151334599729849_633478723_n.jpg 206w\" sizes=\"(max-width: 206px) 100vw, 206px\" \/> <img decoding=\"async\" class=\"alignnone size-full wp-image-266\" src=\"https:\/\/liedena.es\/wp-content\/uploads\/2016\/06\/1808_10151334028869849_1543116784_n.jpg\" alt=\"1808_10151334028869849_1543116784_n\" width=\"206\" height=\"206\" srcset=\"https:\/\/liedena.es\/wp-content\/uploads\/2016\/06\/1808_10151334028869849_1543116784_n-66x66.jpg 66w, https:\/\/liedena.es\/wp-content\/uploads\/2016\/06\/1808_10151334028869849_1543116784_n-100x100.jpg 100w, https:\/\/liedena.es\/wp-content\/uploads\/2016\/06\/1808_10151334028869849_1543116784_n-150x150.jpg 150w, https:\/\/liedena.es\/wp-content\/uploads\/2016\/06\/1808_10151334028869849_1543116784_n-200x200.jpg 200w, https:\/\/liedena.es\/wp-content\/uploads\/2016\/06\/1808_10151334028869849_1543116784_n.jpg 206w\" sizes=\"(max-width: 206px) 100vw, 206px\" \/><img decoding=\"async\" class=\"alignnone size-medium wp-image-262\" src=\"https:\/\/liedena.es\/wp-content\/uploads\/2016\/06\/img31-300x204.jpg\" alt=\"img31\" width=\"300\" height=\"204\" srcset=\"https:\/\/liedena.es\/wp-content\/uploads\/2016\/06\/img31-200x136.jpg 200w, https:\/\/liedena.es\/wp-content\/uploads\/2016\/06\/img31-300x204.jpg 300w, https:\/\/liedena.es\/wp-content\/uploads\/2016\/06\/img31-400x271.jpg 400w, https:\/\/liedena.es\/wp-content\/uploads\/2016\/06\/img31-600x407.jpg 600w, https:\/\/liedena.es\/wp-content\/uploads\/2016\/06\/img31.jpg 638w\" sizes=\"(max-width: 300px) 100vw, 300px\" \/><\/p>\n<p>En su t\u00e9rmino se encontraron tres hachas pulimentadas de la Edad del Bronce. Procede del lugar denominado El Saxo una inscripci\u00f3n funeraria de \u00e9poca romana. Hay que a\u00f1adir la Villa de la Foz, de \u00e9poca romana.<br \/>\nAunque se aleg\u00f3 que el rey Sancho Garc\u00e9s I ya hab\u00eda dado (918) la villa al monasterio de Leire, la tuvieron usurpada durante el siglo XI los antepasados del linaje Almoravid hasta que Lope L\u00f3pez, el primero de ese sobrenombre, la enajen\u00f3 definitivamente (1104) a dicha abad\u00eda, a la que sigui\u00f3 vinculada junto con su iglesia de Santa Mar\u00eda. Existi\u00f3 en su t\u00e9rmino un hospital (1173).<br \/>\nEn 1647 era una de las cuatro zonas semiaut\u00f3nomas en que se divid\u00eda el valle de Urra\u00fal, en 1845 se convirtieron en distritos municipales y al a\u00f1o siguiente se deshizo el corriedo de Li\u00e9dena y dio paso a los actuales ayuntamientos de Li\u00e9dena y Yesa.<\/p>\n<p>A fines del siglo XVIII el cultivo de las tierras era dificultoso al estar situadas al otro lado del r\u00edo y distar el puente mas de media legua con lo que se atravesaba el r\u00edo en barca. En 1847 el lugar ten\u00eda escuela, dotada con 632 reales; el vicario de la parroquia hab\u00eda sido de provisi\u00f3n del monasterio de Leire hasta la exclaustraci\u00f3n de los a\u00f1os treinta; los caminos eran de herradura y contaban con un molino harinero.<br \/>\nLas comunicaciones de Li\u00e9dena mejoraron ostensiblemente durante la segunda mitad del siglo XIX y, sobre todo, los comienzos del XX; se construy\u00f3 un puente de cemento armado y hierro para el ferrocarril del Irati, que tuvo adem\u00e1s estaci\u00f3n, en Li\u00e9dena mismo. En los a\u00f1os veinte contaba con f\u00e1brica de harinas, dos escuelas, dos molinos de aceite y una tejer\u00eda. Funcionaba una fundaci\u00f3n para mejorar la ense\u00f1anza y ejercer la caridad.<\/p>\n<p>Parroquia de Santa Mar\u00eda de la Asunci\u00f3n<\/p>\n<p>Domina el caser\u00edo desde un alto; iglesia de tres naves formadas por cuatro pilares cuadrados y cabecera recta cubierta por b\u00f3vedas de arista y c\u00fapula sobre crucero. La conformaci\u00f3n actual se debe a una reforma del siglo XVIII, a partir de una iglesia medieval de la que quedan restos g\u00f3ticos en el coro -un arco faj\u00f3n apuntado bajo la torre y una puerta apuntada-y en el exterior, donde se conserva trasladada de lugar, una portada rom\u00e1nica. Finalmente, en el siglo XIX, las naves laterales se ampliaron hacia los pies con un nuevo tramo Y se construy\u00f3 el p\u00f3rtico.<br \/>\nPieza notable del mobiliario de la iglesia es el retablo mayor barroco, de la primera mitad del siglo XVIII, que alberga relieves renacentistas procedentes del retablo anterior de los maestros de Sang\u00fcesa Juan de Huici y Juan de Berroeta de hacia 1630, que representan escenas de la Infancia de Cristo y de la Pasi\u00f3n m\u00e1s figuras de ap\u00f3stoles. Conserva la policrom\u00eda del siglo XVIII. Preside el retablo una imagen de alabastro policromado g\u00f3tica que se venera bajo la advocaci\u00f3n de Nuestra Se\u00f1ora de Bel\u00e9n.<br \/>\nEn el siglo XVIII se data el retalo del Sagrado Coraz\u00f3n y en el XIX los retablos de la Virgen del Rosario y del Cristo, de estilo neocl\u00e1sico. \u00c9l titular de este \u00faltimo retablo es una imagen del siglo XVI de claro expresivismo. Conserva un crucero de im\u00e1genes sueltas y algunas piezas de plater\u00eda.Adem\u00e1s de la parroquia cuenta con las ermitas de San Mart\u00edn y de San Bartolom\u00e9 en los l\u00edmites del casco urbano.\u00a0En su caser\u00edo destacan varias casas se\u00f1oriales del siglo XVI con portalones apuntados y ventanas geminadas. Especialmente monumental es la calle Mediavilla y junto a la iglesia hay dos casas con escudos barrocos.<\/p>\n<p>El\u00a0<strong>Marquesado de Li\u00e9dena<\/strong><sup><a href=\"https:\/\/es.wikipedia.org\/wiki\/Marquesado_de_Li%C3%A9dena#cite_note-1\">1<\/a><\/sup>\u00a0es un t\u00edtulo nobiliario espa\u00f1ol creado el\u00a0<a href=\"https:\/\/es.wikipedia.org\/w\/index.php?title=4_de_enero_de_1709&amp;action=edit&amp;redlink=1\">4 de enero de 1709<\/a>\u00a0por\u00a0<a href=\"https:\/\/es.wikipedia.org\/wiki\/Carlos_VI_del_Sacro_Imperio_Romano_Germ%C3%A1nico\">Carlos VI del Sacro Imperio Romano Germ\u00e1nico<\/a>, a favor de don Francisco de Velasco, Ceballos y Neto, se\u00f1or de\u00a0<a href=\"https:\/\/es.wikipedia.org\/wiki\/Li%C3%A9dena\">Li\u00e9dena<\/a>, en\u00a0<a href=\"https:\/\/es.wikipedia.org\/wiki\/Navarra\">Navarra<\/a>, caballero de la\u00a0<a href=\"https:\/\/es.wikipedia.org\/wiki\/Orden_de_Santiago\">Orden de Santiago<\/a>, del consejo de S.M. en el de Hacienda, su gentil-hombre de casa y boca y tesorero general. La merced le fue concedida en premio de sus grandes servicios pol\u00edticos y militares, y los padecimientos que sufri\u00f3 por seguir la causa austracista. Este t\u00edtulo ser\u00eda reconocido por el rey\u00a0<a href=\"https:\/\/es.wikipedia.org\/wiki\/Felipe_V\">Felip<\/a><a href=\"https:\/\/es.wikipedia.org\/wiki\/Felipe_V\">e V<\/a><a href=\"https:\/\/es.wikipedia.org\/wiki\/Felipe_V\">\u00a0en virtud del tratado de paz de Viena de 1725.<\/a><\/p>\n<p>Con la\u00a0<strong>foz de Lumbier<\/strong>\u00a0como tel\u00f3n de fondo, los restos arqueol\u00f3gicos atestiguan que, hace miles de a\u00f1os, hubo en el lugar una magna villa rural romana de\u00a0<u>Li\u00e9dena<\/u>\u00a0(siglos II-IV). Cont\u00f3 con m\u00e1s de 50 dependencias entre las que se inclu\u00edan un trujal, un lagar, termas, la vivienda se\u00f1orial y la de los sirvientes. Y todo esto en torno a un patio central. Hoy d\u00eda los restos de aquella pujanza (mosaicos y diversos hallazgos) se conservan en el\u00a0<a href=\"http:\/\/www.culturanavarra.es\/uploads\/files\/27_TAN17_Mosaicos-LiedenaWEB.pdf\" class=\"mtli_attachment mtli_pdf\" target=\"_blank\" rel=\"noopener\"><u>museo de Navarra<\/u><\/a>.<br \/>\nHace 2000 a\u00f1os los\u00a0<strong>romanos<\/strong>\u00a0llegaron remontando el Ebro. Encontraron un clima y un suelo semejantes a los de su pa\u00eds y decidieron instalarse. La\u00a0<strong>villa romana de Li\u00e9dena<\/strong>, del Bajo Imperio, fue habitada en dos \u00e9pocas, siglos II y IV, como muestran los restos encontrados. Las huellas de un incendio hacen sospechar que la villa pudo ser destruida por alg\u00fan acto de violencia en el siglo II y reconstruida despu\u00e9s. Precisamente en el siglo IV alcanzar\u00eda todo su esplendor, llegando a medir sus construcciones hasta 76 x 168 metros de ejes y m\u00e1s o menos una hect\u00e1rea de superficie.<\/p>\n<p>La villa romana de Li\u00e9dena estuvo formada por un\u00a0<em>peristilo<\/em>\u00a0o patio central en torno al cual se organizaban las habitaciones y dependencias. Como elementos propios de una villa agraria contaba con un estanque, trujal, lagar y termas. Fue un verdadero ejemplo de autoabastecimiento: cultivaban cereales, vid, olivo, hac\u00edan su pan, su vino y su aceite, ten\u00edan su propio ganado&#8230;<\/p>\n<p>Las habitaciones estuvieron pavimentadas con\u00a0<strong>mosaicos geom\u00e9tricos<\/strong>\u00a0como muestran los numerosos hallazgos conservados hoy en el\u00a0<strong>museo de Navarra en Pamplona<\/strong>. En la actualidad el pozo, los muros y la sucesi\u00f3n de losas invitan a retroceder en el tiempo e imaginar c\u00f3mo vivieron los romanos en Li\u00e9dena hace miles de a\u00f1os.<\/p>\n<h3>\u00a0<span style=\"color: #ff0000;\"><em><strong>Documento hist\u00f3rico con datos sobre Li\u00e9dena<\/strong><\/em><\/span>\u00a0 \u00a0 \u00a0 \u00a0 \u00a0 \u00a0 \u00a0 \u00a0 \u00a0 \u00a0 \u00a0 \u00a0 \u00a0 \u00a0 \u00a0 \u00a0 \u00a0 \u00a0 \u00a0 \u00a0 \u00a0 \u00a0 \u00a0 \u00a0 \u00a0 \u00a0 \u00a0 \u00a0 \u00a0 \u00a0 \u00a0 \u00a0 \u00a0 \u00a0 \u00a0 \u00a0 \u00a0 \u00a0 \u00a0 \u00a0 \u00a0 \u00a0 \u00a0 \u00a0 \u00a0 \u00a0 \u00a0 \u00a0 \u00a0 \u00a0 \u00a0 \u00a0 \u00a0 \u00a0 \u00a0<img decoding=\"async\" class=\"alignnone size-full wp-image-986\" src=\"https:\/\/liedena.es\/wp-content\/uploads\/2016\/06\/0-006.jpg\" alt=\"0-006\" width=\"1312\" height=\"2000\" srcset=\"https:\/\/liedena.es\/wp-content\/uploads\/2016\/06\/0-006-197x300.jpg 197w, https:\/\/liedena.es\/wp-content\/uploads\/2016\/06\/0-006-200x305.jpg 200w, https:\/\/liedena.es\/wp-content\/uploads\/2016\/06\/0-006-400x610.jpg 400w, https:\/\/liedena.es\/wp-content\/uploads\/2016\/06\/0-006-600x915.jpg 600w, https:\/\/liedena.es\/wp-content\/uploads\/2016\/06\/0-006-672x1024.jpg 672w, https:\/\/liedena.es\/wp-content\/uploads\/2016\/06\/0-006-768x1171.jpg 768w, https:\/\/liedena.es\/wp-content\/uploads\/2016\/06\/0-006-800x1220.jpg 800w, https:\/\/liedena.es\/wp-content\/uploads\/2016\/06\/0-006-1200x1829.jpg 1200w, https:\/\/liedena.es\/wp-content\/uploads\/2016\/06\/0-006.jpg 1312w\" sizes=\"(max-width: 1312px) 100vw, 1312px\" \/><\/h3>\n<p>Pinchando en este enlace podr\u00e1s leer (gracias al esfuerzo de nuestro vecino Jos\u00e9 Ram\u00f3n Izurriaga) un pasaje muy curioso que los vecinos de Li\u00e9dena tuvieron que gestionar en 1698.<\/p>\n<h3><a href=\"https:\/\/liedena.es\/wp-content\/uploads\/2023\/01\/Vecinos-de-Liedena-1698-Seguido-.pdf\" class=\"mtli_attachment mtli_pdf\" target=\"_blank\" rel=\"noopener\">Vecinos de Li\u00e9dena 1698 Seguido\u00a0<\/a><\/h3>\n<p><img decoding=\"async\" class=\"alignleft size-full wp-image-2822\" src=\"https:\/\/liedena.es\/wp-content\/uploads\/2023\/01\/1-DSC_0351a.jpg\" alt=\"\" width=\"1330\" height=\"2000\" srcset=\"https:\/\/liedena.es\/wp-content\/uploads\/2023\/01\/1-DSC_0351a-40x60.jpg 40w, https:\/\/liedena.es\/wp-content\/uploads\/2023\/01\/1-DSC_0351a-60x90.jpg 60w, https:\/\/liedena.es\/wp-content\/uploads\/2023\/01\/1-DSC_0351a-200x301.jpg 200w, https:\/\/liedena.es\/wp-content\/uploads\/2023\/01\/1-DSC_0351a-400x602.jpg 400w, https:\/\/liedena.es\/wp-content\/uploads\/2023\/01\/1-DSC_0351a-600x902.jpg 600w, https:\/\/liedena.es\/wp-content\/uploads\/2023\/01\/1-DSC_0351a-681x1024.jpg 681w, https:\/\/liedena.es\/wp-content\/uploads\/2023\/01\/1-DSC_0351a-768x1155.jpg 768w, https:\/\/liedena.es\/wp-content\/uploads\/2023\/01\/1-DSC_0351a-800x1203.jpg 800w, https:\/\/liedena.es\/wp-content\/uploads\/2023\/01\/1-DSC_0351a-1021x1536.jpg 1021w, https:\/\/liedena.es\/wp-content\/uploads\/2023\/01\/1-DSC_0351a-1200x1805.jpg 1200w, https:\/\/liedena.es\/wp-content\/uploads\/2023\/01\/1-DSC_0351a.jpg 1330w\" sizes=\"(max-width: 1330px) 100vw, 1330px\" \/> <img decoding=\"async\" class=\"alignleft size-full wp-image-2823\" src=\"https:\/\/liedena.es\/wp-content\/uploads\/2023\/01\/2-DSC_0353a.jpg\" alt=\"\" width=\"1330\" height=\"2000\" srcset=\"https:\/\/liedena.es\/wp-content\/uploads\/2023\/01\/2-DSC_0353a-40x60.jpg 40w, https:\/\/liedena.es\/wp-content\/uploads\/2023\/01\/2-DSC_0353a-60x90.jpg 60w, https:\/\/liedena.es\/wp-content\/uploads\/2023\/01\/2-DSC_0353a-200x301.jpg 200w, https:\/\/liedena.es\/wp-content\/uploads\/2023\/01\/2-DSC_0353a-400x602.jpg 400w, https:\/\/liedena.es\/wp-content\/uploads\/2023\/01\/2-DSC_0353a-600x902.jpg 600w, https:\/\/liedena.es\/wp-content\/uploads\/2023\/01\/2-DSC_0353a-681x1024.jpg 681w, https:\/\/liedena.es\/wp-content\/uploads\/2023\/01\/2-DSC_0353a-768x1155.jpg 768w, https:\/\/liedena.es\/wp-content\/uploads\/2023\/01\/2-DSC_0353a-800x1203.jpg 800w, https:\/\/liedena.es\/wp-content\/uploads\/2023\/01\/2-DSC_0353a-1021x1536.jpg 1021w, https:\/\/liedena.es\/wp-content\/uploads\/2023\/01\/2-DSC_0353a-1200x1805.jpg 1200w, https:\/\/liedena.es\/wp-content\/uploads\/2023\/01\/2-DSC_0353a.jpg 1330w\" sizes=\"(max-width: 1330px) 100vw, 1330px\" \/><\/p>\n<h3><a href=\"https:\/\/books.google.es\/books?id=2tpAAQAAMAAJ&amp;lpg=PA216&amp;ots=RjrgDvrLJ7&amp;dq=geografia%20de%20li%C3%A9dena&amp;hl=es&amp;pg=PA216&amp;ci=155%2C63%2C777%2C1312&amp;source=bookclip\"><img decoding=\"async\" class=\"alignleft\" src=\"https:\/\/books.google.es\/books\/content?id=2tpAAQAAMAAJ&amp;hl=es&amp;pg=PA216&amp;img=1&amp;zoom=3&amp;sig=ACfU3U2Dh-PKAdOl6xjgb8l3HLdaQ0G2-A&amp;ci=155%2C63%2C777%2C1312&amp;edge=0\" \/><\/a><\/h3>\n<\/div><\/div><\/div><\/div><\/div>\n","protected":false},"excerpt":{"rendered":"","protected":false},"author":1,"featured_media":0,"parent":147,"menu_order":0,"comment_status":"closed","ping_status":"closed","template":"","meta":{"_acf_changed":false,"_price":"","_stock":"","_tribe_ticket_header":"","_tribe_default_ticket_provider":"","_tribe_ticket_capacity":"0","_ticket_start_date":"","_ticket_end_date":"","_tribe_ticket_show_description":"","_tribe_ticket_show_not_going":false,"_tribe_ticket_use_global_stock":"","_tribe_ticket_global_stock_level":"","_global_stock_mode":"","_global_stock_cap":"","_tribe_rsvp_for_event":"","_tribe_ticket_going_count":"","_tribe_ticket_not_going_count":"","_tribe_tickets_list":"[]","_tribe_ticket_has_attendee_info_fields":false,"footnotes":"","_tec_slr_enabled":"","_tec_slr_layout":""},"class_list":["post-155","page","type-page","status-publish","hentry"],"acf":[],"ticketed":false,"_links":{"self":[{"href":"https:\/\/liedena.es\/index.php\/wp-json\/wp\/v2\/pages\/155","targetHints":{"allow":["GET"]}}],"collection":[{"href":"https:\/\/liedena.es\/index.php\/wp-json\/wp\/v2\/pages"}],"about":[{"href":"https:\/\/liedena.es\/index.php\/wp-json\/wp\/v2\/types\/page"}],"author":[{"embeddable":true,"href":"https:\/\/liedena.es\/index.php\/wp-json\/wp\/v2\/users\/1"}],"replies":[{"embeddable":true,"href":"https:\/\/liedena.es\/index.php\/wp-json\/wp\/v2\/comments?post=155"}],"version-history":[{"count":8,"href":"https:\/\/liedena.es\/index.php\/wp-json\/wp\/v2\/pages\/155\/revisions"}],"predecessor-version":[{"id":2824,"href":"https:\/\/liedena.es\/index.php\/wp-json\/wp\/v2\/pages\/155\/revisions\/2824"}],"up":[{"embeddable":true,"href":"https:\/\/liedena.es\/index.php\/wp-json\/wp\/v2\/pages\/147"}],"wp:attachment":[{"href":"https:\/\/liedena.es\/index.php\/wp-json\/wp\/v2\/media?parent=155"}],"curies":[{"name":"wp","href":"https:\/\/api.w.org\/{rel}","templated":true}]}}