{"id":157,"date":"2016-06-01T10:33:32","date_gmt":"2016-06-01T10:33:32","guid":{"rendered":"http:\/\/liedena.enekoapaolaza.com\/?page_id=157"},"modified":"2021-01-07T13:44:08","modified_gmt":"2021-01-07T11:44:08","slug":"turismo","status":"publish","type":"page","link":"https:\/\/liedena.es\/index.php\/turismo\/","title":{"rendered":"Turismo"},"content":{"rendered":"<p><img decoding=\"async\" class=\"alignnone wp-image-402\" src=\"https:\/\/liedena.es\/wp-content\/uploads\/2016\/06\/6642_10151187315394849_1578839603_n-300x200.jpg\" alt=\"6642_10151187315394849_1578839603_n\" width=\"665\" height=\"443\" srcset=\"https:\/\/liedena.es\/wp-content\/uploads\/2016\/06\/6642_10151187315394849_1578839603_n-200x133.jpg 200w, https:\/\/liedena.es\/wp-content\/uploads\/2016\/06\/6642_10151187315394849_1578839603_n-300x200.jpg 300w, https:\/\/liedena.es\/wp-content\/uploads\/2016\/06\/6642_10151187315394849_1578839603_n-400x267.jpg 400w, https:\/\/liedena.es\/wp-content\/uploads\/2016\/06\/6642_10151187315394849_1578839603_n-600x400.jpg 600w, https:\/\/liedena.es\/wp-content\/uploads\/2016\/06\/6642_10151187315394849_1578839603_n-768x512.jpg 768w, https:\/\/liedena.es\/wp-content\/uploads\/2016\/06\/6642_10151187315394849_1578839603_n-800x533.jpg 800w, https:\/\/liedena.es\/wp-content\/uploads\/2016\/06\/6642_10151187315394849_1578839603_n.jpg 960w\" sizes=\"(max-width: 665px) 100vw, 665px\" \/><\/p>\n<p style=\"text-align: justify;\">Li\u00e9dena es y ha sido, a trav\u00e9s de m\u00e1s de dos mil a\u00f1os desde tiempos de los romanos, una parada en el camino; un alto para quienes van o vienen; un lugar para detenerse, descansar y disfrutar antes de seguir la ruta.<\/p>\n<p style=\"text-align: justify;\">Entre los lugares de inter\u00e9s se encuentran la PARROQUIA DE SANTA MAR\u00cdA DE LA ASUNCI\u00d3N:\u00bbDomina el caser\u00edo desde un alto; iglesia de tres naves formadas por cuatro pilares cuadrados y cabecera recta cubierta por b\u00f3vedas de arista y c\u00fapula sobre crucero. La conformaci\u00f3n actual se debe a una reforma del siglo XVIII, a partir de una iglesia medieval de la que quedan restos g\u00f3ticos en el coro -un arco faj\u00f3n apuntado bajo la torre y una puerta apuntada- y en el exterior, donde se conserva trasladada de lugar, una portada rom\u00e1nica. Finalmente, en el siglo XIX, las naves laterales se ampliaron hacia los pies con un nuevo trsamo y se construy\u00f3 el p\u00f3rtico.<\/p>\n<p style=\"text-align: justify;\"><img decoding=\"async\" class=\"alignnone wp-image-333\" src=\"https:\/\/liedena.es\/wp-content\/uploads\/2016\/06\/644315_10151353016289849_5567394_n-200x300.jpg\" alt=\"644315_10151353016289849_5567394_n\" width=\"379\" height=\"569\" srcset=\"https:\/\/liedena.es\/wp-content\/uploads\/2016\/06\/644315_10151353016289849_5567394_n-200x300.jpg 200w, https:\/\/liedena.es\/wp-content\/uploads\/2016\/06\/644315_10151353016289849_5567394_n-400x600.jpg 400w, https:\/\/liedena.es\/wp-content\/uploads\/2016\/06\/644315_10151353016289849_5567394_n-600x900.jpg 600w, https:\/\/liedena.es\/wp-content\/uploads\/2016\/06\/644315_10151353016289849_5567394_n.jpg 640w\" sizes=\"(max-width: 379px) 100vw, 379px\" \/><\/p>\n<p style=\"text-align: justify;\">Pieza notable del mobiliario de la iglesia es el retablo mayor barroco, de la primera mitad del siglo XVIII, que alberga relieves renacentistas procedentes del retablo anterior de los maestros de Sang\u00fcesa Juan de Huici y Juan de Berroeta de hacia el 1630, que representan escenas de la infancia de Cristo y de la Pasi\u00f3n m\u00e1s figuras de ap\u00f3stoles. &nbsp;conserva la policrom\u00eda del siglo XVIII. Preside el retablo una imagen de alabastro policromado g\u00f3tica que se venera bajo la advocaci\u00f3n de Nuestra Se\u00f1ora de Bel\u00e9n. En el siglo XVIII se data el retablo del Sagrado Coraz\u00f3n y en el XIX los retablos de la Virgen del Rosario y del Cristo, de estilo neocl\u00e1sico.<\/p>\n<p style=\"text-align: justify;\"><img decoding=\"async\" class=\"alignnone wp-image-268\" src=\"https:\/\/liedena.es\/wp-content\/uploads\/2016\/06\/544357_10151334599729849_633478723_n.jpg\" alt=\"544357_10151334599729849_633478723_n\" width=\"392\" height=\"392\" srcset=\"https:\/\/liedena.es\/wp-content\/uploads\/2016\/06\/544357_10151334599729849_633478723_n-66x66.jpg 66w, https:\/\/liedena.es\/wp-content\/uploads\/2016\/06\/544357_10151334599729849_633478723_n-100x100.jpg 100w, https:\/\/liedena.es\/wp-content\/uploads\/2016\/06\/544357_10151334599729849_633478723_n-150x150.jpg 150w, https:\/\/liedena.es\/wp-content\/uploads\/2016\/06\/544357_10151334599729849_633478723_n-200x200.jpg 200w, https:\/\/liedena.es\/wp-content\/uploads\/2016\/06\/544357_10151334599729849_633478723_n.jpg 206w\" sizes=\"(max-width: 392px) 100vw, 392px\" \/><\/p>\n<p style=\"text-align: justify;\">El titular de este \u00faltimo retablo es una imagen del siglo XVI de claro expresivismo. Conserva un crucero de im\u00e1genes sueltas y algunas piezas de plater\u00eda.<\/p>\n<p style=\"text-align: justify;\">Adem\u00e1s de la parroquia contaba con las ermitas de San Bartolom\u00e9 y San Mart\u00edn en los l\u00edmites del casco urbano.<\/p>\n<p style=\"text-align: justify;\">En su caser\u00edo destacan varias casas se\u00f1oriales del siglo XVI &nbsp;con portalones apuntados y ventanas geminadas. Especialmente monumental es la calle Mediavilla y junto a la iglesia hay dos casas con escudos barrocos.<\/p>\n<p style=\"text-align: justify;\"><img decoding=\"async\" class=\"alignnone size-medium wp-image-336\" src=\"https:\/\/liedena.es\/wp-content\/uploads\/2016\/06\/313707_10151353015944849_616864004_n-200x300.jpg\" alt=\"313707_10151353015944849_616864004_n\" width=\"200\" height=\"300\" srcset=\"https:\/\/liedena.es\/wp-content\/uploads\/2016\/06\/313707_10151353015944849_616864004_n-200x300.jpg 200w, https:\/\/liedena.es\/wp-content\/uploads\/2016\/06\/313707_10151353015944849_616864004_n-400x600.jpg 400w, https:\/\/liedena.es\/wp-content\/uploads\/2016\/06\/313707_10151353015944849_616864004_n-600x900.jpg 600w, https:\/\/liedena.es\/wp-content\/uploads\/2016\/06\/313707_10151353015944849_616864004_n.jpg 640w\" sizes=\"(max-width: 200px) 100vw, 200px\" \/>&nbsp; &nbsp; &nbsp; &nbsp; &nbsp; &nbsp; &nbsp; &nbsp; &nbsp; <img decoding=\"async\" class=\"alignnone wp-image-330\" src=\"https:\/\/liedena.es\/wp-content\/uploads\/2016\/06\/549214_10151353015759849_1978080742_n.jpg\" alt=\"549214_10151353015759849_1978080742_n\" width=\"301\" height=\"301\" srcset=\"https:\/\/liedena.es\/wp-content\/uploads\/2016\/06\/549214_10151353015759849_1978080742_n-66x66.jpg 66w, https:\/\/liedena.es\/wp-content\/uploads\/2016\/06\/549214_10151353015759849_1978080742_n-100x100.jpg 100w, https:\/\/liedena.es\/wp-content\/uploads\/2016\/06\/549214_10151353015759849_1978080742_n-150x150.jpg 150w, https:\/\/liedena.es\/wp-content\/uploads\/2016\/06\/549214_10151353015759849_1978080742_n-200x200.jpg 200w, https:\/\/liedena.es\/wp-content\/uploads\/2016\/06\/549214_10151353015759849_1978080742_n.jpg 206w\" sizes=\"(max-width: 301px) 100vw, 301px\" \/><\/p>\n<p style=\"text-align: justify;\"><span style=\"text-decoration: underline;\">VILLA ROMANA DE LI\u00c9DENA<\/span><\/p>\n<p style=\"text-align: justify;\">Con la Foz de Lumbier como tel\u00f3n de fondo, los restos arqueol\u00f3gicos atestiguan que, hace miles de a\u00f1os, hubo en el lugar una magna villa rural de Li\u00e9dena (Siglos II y IV). Cont\u00f3 con m\u00e1s de 50 dependencias entre las que se inclu\u00edan un trujal, un lagar, termas, la vivienda se\u00f1orial y la de los sirvientes. Y todo esto en torno a un patio central. Hoy d\u00eda los restos de aquella pujanza (mosaicos y diversos hallazgos) se conservan en el Museo de Navarra en Pamplona.<\/p>\n<p style=\"text-align: justify;\"><img decoding=\"async\" class=\"alignnone wp-image-291\" src=\"https:\/\/liedena.es\/wp-content\/uploads\/2016\/06\/images-1-300x168.jpg\" alt=\"images (1)\" width=\"584\" height=\"327\" srcset=\"https:\/\/liedena.es\/wp-content\/uploads\/2016\/06\/images-1-200x112.jpg 200w, https:\/\/liedena.es\/wp-content\/uploads\/2016\/06\/images-1.jpg 300w\" sizes=\"(max-width: 584px) 100vw, 584px\" \/><\/p>\n<p style=\"text-align: justify;\">Hace 2000 a\u00f1os los romanos llegaron remontando el Ebro. Encontraron un clima y un suelo semejante al de su pa\u00eds y decidieron instalarse. La villa romana de Li\u00e9dena del Bajo Imperio, fue habitada en dos \u00e9pocas, siglos II y IV, como muestran los restos encontrados. Las huellas de un incendio hacen sospechar que la villa pudo ser destruida por alg\u00fan acto de violencia en el siglo II y reconstruida despu\u00e9s. Precisamente en el siglo IV alcanzar\u00eda todo su esplendor, llegando a medir sus construcciones hasta 76 x 168 metros de ejes y m\u00e1s o menos una hect\u00e1rea de superficie.<\/p>\n<p style=\"text-align: justify;\"><img decoding=\"async\" class=\"alignnone wp-image-262\" src=\"https:\/\/liedena.es\/wp-content\/uploads\/2016\/06\/img31-300x204.jpg\" alt=\"img31\" width=\"471\" height=\"320\" srcset=\"https:\/\/liedena.es\/wp-content\/uploads\/2016\/06\/img31-200x136.jpg 200w, https:\/\/liedena.es\/wp-content\/uploads\/2016\/06\/img31-300x204.jpg 300w, https:\/\/liedena.es\/wp-content\/uploads\/2016\/06\/img31-400x271.jpg 400w, https:\/\/liedena.es\/wp-content\/uploads\/2016\/06\/img31-600x407.jpg 600w, https:\/\/liedena.es\/wp-content\/uploads\/2016\/06\/img31.jpg 638w\" sizes=\"(max-width: 471px) 100vw, 471px\" \/><\/p>\n<p style=\"text-align: justify;\">La villa romana de Li\u00e9dena estuvo formada por un peristilo o patio central en torno al cual se organizaban las habitaciones y dependencias. Como elementos propios de una villa agraria contaba con un estanque, tujal, lagar y termas. Fue un verdadero ejemplo de auto abastecimiento: Cultivaban cereales, vid, olivo, hac\u00edan su propio pan, su vino y su aceite, ten\u00edan su propio ganado&#8230;<\/p>\n<p style=\"text-align: justify;\">Las habitaciones estuvieron pavimentadas con lujosos mosaicos geom\u00e9tricos como demuestran los numerosos hallazgos conservados hoy en el Museo de Navarra en Pamplona. En la actualidad el pozo, los muros y la sucesi\u00f3n de losas invitan a retroceder en el tiempo e imaginar como vivieron los romanos en Li\u00e9dena hace miles de a\u00f1os.<\/p>\n<p style=\"text-align: justify;\">Villa romana de Li\u00e9dena: Autov\u00eda A-21 salida 39<\/p>\n<p style=\"text-align: justify;\"><img decoding=\"async\" id=\"\" class=\"alignnone wp-image-404\" src=\"https:\/\/liedena.es\/wp-content\/uploads\/2016\/06\/ArasromanasymosaicosdeLidenaMuseodeN2-300x226.jpg\" alt=\"ArasromanasymosaicosdeLidenaMuseodeN[fusion_builder_container hundred_percent=\" width=\"477\" height=\"359\" srcset=\"https:\/\/liedena.es\/wp-content\/uploads\/2016\/06\/ArasromanasymosaicosdeLidenaMuseodeN2-200x151.jpg 200w, https:\/\/liedena.es\/wp-content\/uploads\/2016\/06\/ArasromanasymosaicosdeLidenaMuseodeN2-300x226.jpg 300w, https:\/\/liedena.es\/wp-content\/uploads\/2016\/06\/ArasromanasymosaicosdeLidenaMuseodeN2-400x301.jpg 400w, https:\/\/liedena.es\/wp-content\/uploads\/2016\/06\/ArasromanasymosaicosdeLidenaMuseodeN2.jpg 454w\" sizes=\"(max-width: 477px) 100vw, 477px\" \/><\/p>\n<p style=\"text-align: justify;\"><span style=\"text-decoration: underline;\">PUENTE DE JES\u00daS O DEL DIABLO<\/span><\/p>\n<p style=\"text-align: justify;\">Puente construido en el siglo XVI como parte del camino que va desde Li\u00e9dena hasta las ventas de Lumbier, siguiendo la falda de la Sierra de Leyre. Fue destruido en 1811 por el soldado rebelde, natural de Idocin, Espoz y Mina. Es una de las ruinas m\u00e1s sugerentes de la Merindad de Sang\u00fcesa y una de las \u00abpostales\u00bb m\u00e1s simb\u00f3licas de Navarra.<\/p>\n<p style=\"text-align: justify;\"><img decoding=\"async\" class=\"alignnone wp-image-261\" src=\"https:\/\/liedena.es\/wp-content\/uploads\/2016\/06\/9298655205_4e5319e742-300x200.jpg\" alt=\"9298655205_4e5319e742\" width=\"488\" height=\"325\" srcset=\"https:\/\/liedena.es\/wp-content\/uploads\/2016\/06\/9298655205_4e5319e742-200x133.jpg 200w, https:\/\/liedena.es\/wp-content\/uploads\/2016\/06\/9298655205_4e5319e742-300x200.jpg 300w, https:\/\/liedena.es\/wp-content\/uploads\/2016\/06\/9298655205_4e5319e742-400x266.jpg 400w, https:\/\/liedena.es\/wp-content\/uploads\/2016\/06\/9298655205_4e5319e742.jpg 500w\" sizes=\"(max-width: 488px) 100vw, 488px\" \/><\/p>\n<p style=\"text-align: justify;\"><span style=\"text-decoration: underline;\">REFUGIO DE PESCADORES<\/span><\/p>\n<p style=\"text-align: justify;\">Siguiendo el camino del cementerio llegamos al \u00abMirador de La Subita\u00bb donde podremos hacer un alto en el camino para disfrutar de sus vistas y poder utilizarlo como merendero ya que est\u00e1 equipado para ello.<img decoding=\"async\" class=\"alignnone wp-image-405\" src=\"https:\/\/liedena.es\/wp-content\/uploads\/2016\/06\/IMG_20160425_101457-300x225.jpg\" alt=\"IMG_20160425_101457\" width=\"417\" height=\"313\" srcset=\"https:\/\/liedena.es\/wp-content\/uploads\/2016\/06\/IMG_20160425_101457-200x150.jpg 200w, https:\/\/liedena.es\/wp-content\/uploads\/2016\/06\/IMG_20160425_101457-300x225.jpg 300w, https:\/\/liedena.es\/wp-content\/uploads\/2016\/06\/IMG_20160425_101457-400x300.jpg 400w, https:\/\/liedena.es\/wp-content\/uploads\/2016\/06\/IMG_20160425_101457-600x450.jpg 600w, https:\/\/liedena.es\/wp-content\/uploads\/2016\/06\/IMG_20160425_101457-768x576.jpg 768w, https:\/\/liedena.es\/wp-content\/uploads\/2016\/06\/IMG_20160425_101457-800x600.jpg 800w, https:\/\/liedena.es\/wp-content\/uploads\/2016\/06\/IMG_20160425_101457-1024x768.jpg 1024w, https:\/\/liedena.es\/wp-content\/uploads\/2016\/06\/IMG_20160425_101457-1200x900.jpg 1200w, https:\/\/liedena.es\/wp-content\/uploads\/2016\/06\/IMG_20160425_101457.jpg 1600w\" sizes=\"(max-width: 417px) 100vw, 417px\" \/><\/p>\n<p style=\"text-align: justify;\">Prosiguiendo hacia el sendero de La Granja con el Castillo de Javier, se observa la fuente de La Padul, llegando hasta el r\u00edo junto al Refugio de Pescadores. El camino de vuelta, pasa por la fuente, y desciende ligeramente por el barranco. Su recorrido es de 7 Km y su desnivel de 50 m. tiene que ver con los dos r\u00edos que recorren el t\u00e9rmino municipal, el Irati y el Arag\u00f3n.<\/p>\n<p style=\"text-align: justify;\"><img decoding=\"async\" class=\"alignnone wp-image-406\" src=\"https:\/\/liedena.es\/wp-content\/uploads\/2016\/06\/2150698-300x225.jpg\" alt=\"2150698\" width=\"495\" height=\"371\" srcset=\"https:\/\/liedena.es\/wp-content\/uploads\/2016\/06\/2150698-200x150.jpg 200w, https:\/\/liedena.es\/wp-content\/uploads\/2016\/06\/2150698-300x225.jpg 300w, https:\/\/liedena.es\/wp-content\/uploads\/2016\/06\/2150698-400x300.jpg 400w, https:\/\/liedena.es\/wp-content\/uploads\/2016\/06\/2150698-600x450.jpg 600w, https:\/\/liedena.es\/wp-content\/uploads\/2016\/06\/2150698.jpg 700w\" sizes=\"(max-width: 495px) 100vw, 495px\" \/><img decoding=\"async\" class=\"alignnone size-full wp-image-1549\" src=\"https:\/\/liedena.es\/wp-content\/uploads\/2019\/06\/SL-NA-200.jpg\" alt=\"\" width=\"944\" height=\"708\" srcset=\"https:\/\/liedena.es\/wp-content\/uploads\/2019\/06\/SL-NA-200-200x150.jpg 200w, https:\/\/liedena.es\/wp-content\/uploads\/2019\/06\/SL-NA-200-300x225.jpg 300w, https:\/\/liedena.es\/wp-content\/uploads\/2019\/06\/SL-NA-200-400x300.jpg 400w, https:\/\/liedena.es\/wp-content\/uploads\/2019\/06\/SL-NA-200-600x450.jpg 600w, https:\/\/liedena.es\/wp-content\/uploads\/2019\/06\/SL-NA-200-768x576.jpg 768w, https:\/\/liedena.es\/wp-content\/uploads\/2019\/06\/SL-NA-200-800x600.jpg 800w, https:\/\/liedena.es\/wp-content\/uploads\/2019\/06\/SL-NA-200.jpg 944w\" sizes=\"(max-width: 944px) 100vw, 944px\" \/><\/p>\n<p style=\"text-align: justify;\"><span style=\"text-decoration: underline;\">V\u00cdA VERDE DEL IRATI<\/span><\/p>\n<p style=\"text-align: justify;\">El Tren del Irati fue el primer tren el\u00e9ctrico de pasajero de Espa\u00f1a y por el que se construy\u00f3 un puente de hormig\u00f3n sobre el r\u00edo Irati, tambi\u00e9n uno de los primeros a nivel nacional. Por este antiguo recorrido, hoy reconstruido como v\u00eda verde, se pueden realizar rutas a pie, a caballo o en BTT. Llegando a la zona habitada nos encontramos con espacios patrimoniales como son los edificios de la antigua estaci\u00f3n del tren y dos naves o hangares propios de aquella \u00e9poca. Tambi\u00e9n es&nbsp;este el camino que toman los peregrinos que no quieren coger el oficial que aun siendo un poco m\u00e1s largo es m\u00e1s c\u00f3modo y m\u00e1s conectado con n\u00facleos urbanos. Siguiendo este camino despu\u00e9s de pasar un t\u00fanel nos adentraremos en la garganta de la Foz de Lumbier. Esta v\u00eda tambi\u00e9n es utilizada por gran n\u00famero de peregrinos en las javieradas.<\/p>\n<p style=\"text-align: justify;\"><img decoding=\"async\" class=\"alignnone wp-image-407\" src=\"https:\/\/liedena.es\/wp-content\/uploads\/2016\/06\/descarga-1.jpg\" alt=\"descarga\" width=\"564\" height=\"380\" srcset=\"https:\/\/liedena.es\/wp-content\/uploads\/2016\/06\/descarga-1-200x135.jpg 200w, https:\/\/liedena.es\/wp-content\/uploads\/2016\/06\/descarga-1.jpg 273w\" sizes=\"(max-width: 564px) 100vw, 564px\" \/><\/p>\n<p style=\"text-align: justify;\"><span style=\"text-decoration: underline;\">SERVICIOS<\/span><\/p>\n<p style=\"text-align: justify;\">La poblaci\u00f3n de Li\u00e9dena puede ofrecer al visitante algunos lugares de esparcimiento como pueden ser: Un merendero con asadores, un parque infantil, un polideportivo con front\u00f3n, la bodega San Francisco Javier con sus afamados vinos, farmacia, panader\u00eda con estanco, taller mec\u00e1nico, el complejo tur\u00edstico-deportivo del Hostal Latorre con piscina, gasolinera, campo de f\u00fatbol, etc.<\/p>\n<p style=\"text-align: justify;\"><span style=\"text-decoration: underline;\">FIESTAS Y CELEBRACIONES<\/span><\/p>\n<p style=\"text-align: justify;\">Las fiestas patronales son en honor a las Santas Reliquias y se celebran en la pen\u00faltima semana del mes de Julio procurando que el d\u00eda 25 quede incluido en ellas.<\/p>\n<p style=\"text-align: justify;\"><img decoding=\"async\" class=\"alignnone wp-image-408\" src=\"https:\/\/liedena.es\/wp-content\/uploads\/2016\/06\/13654192_10153786918169849_4753925012681448032_n-300x225.jpg\" alt=\"13654192_10153786918169849_4753925012681448032_n\" width=\"479\" height=\"359\" srcset=\"https:\/\/liedena.es\/wp-content\/uploads\/2016\/06\/13654192_10153786918169849_4753925012681448032_n-200x150.jpg 200w, https:\/\/liedena.es\/wp-content\/uploads\/2016\/06\/13654192_10153786918169849_4753925012681448032_n-300x225.jpg 300w, https:\/\/liedena.es\/wp-content\/uploads\/2016\/06\/13654192_10153786918169849_4753925012681448032_n-400x300.jpg 400w, https:\/\/liedena.es\/wp-content\/uploads\/2016\/06\/13654192_10153786918169849_4753925012681448032_n-600x450.jpg 600w, https:\/\/liedena.es\/wp-content\/uploads\/2016\/06\/13654192_10153786918169849_4753925012681448032_n-768x576.jpg 768w, https:\/\/liedena.es\/wp-content\/uploads\/2016\/06\/13654192_10153786918169849_4753925012681448032_n-800x600.jpg 800w, https:\/\/liedena.es\/wp-content\/uploads\/2016\/06\/13654192_10153786918169849_4753925012681448032_n.jpg 960w\" sizes=\"(max-width: 479px) 100vw, 479px\" \/><\/p>\n<p style=\"text-align: justify;\">-El d\u00eda 1 de Mayo se celebra una romer\u00eda a ermita de La Granja de San Juan de Cortes.<\/p>\n<p style=\"text-align: justify;\">-El 31 de Octubre hay una fiesta muy divertida para los ni\u00f1os y mayores, &nbsp;Halloween. Fiesta que es conocida y de renombre en la comarca de Sang\u00fcesa y a la que acuden vecinos de los pueblos cercanos.<\/p>\n<p style=\"text-align: justify;\">&#8211; Carnaval, con disfraces tem\u00e1ticos.<\/p>\n<p style=\"text-align: justify;\">-Fiesta Romana, el segundo s\u00e1bado del mes de Septiembre. Con ambientaci\u00f3n romana por las calles, mercadillo, exposiciones y cena romana.<\/p>\n<p style=\"text-align: justify;\">-Fiesta del \u00abPen\u00faltimo Viaje del Tren del Irati\u00bb que se celebra cada a\u00f1o el d\u00eda 30 de Diciembre. Exposiciones, charlas y concursos literarios adem\u00e1s de animaci\u00f3n callejera con un tren tur\u00edstico etc.<\/p>\n","protected":false},"excerpt":{"rendered":"<p>Li\u00e9dena es y ha sido, a trav\u00e9s de m\u00e1s de dos mil a\u00f1os desde tiempos de los romanos, una parada en el camino; un alto para quienes van o vienen; un lugar para detenerse, descansar y disfrutar antes de seguir la ruta. Entre los lugares de inter\u00e9s se encuentran la PARROQUIA DE SANTA MAR\u00cdA DE  [&#8230;]<\/p>\n","protected":false},"author":1,"featured_media":0,"parent":0,"menu_order":0,"comment_status":"closed","ping_status":"closed","template":"","meta":{"_acf_changed":false,"_price":"","_stock":"","_tribe_ticket_header":"","_tribe_default_ticket_provider":"","_tribe_ticket_capacity":"0","_ticket_start_date":"","_ticket_end_date":"","_tribe_ticket_show_description":"","_tribe_ticket_show_not_going":false,"_tribe_ticket_use_global_stock":"","_tribe_ticket_global_stock_level":"","_global_stock_mode":"","_global_stock_cap":"","_tribe_rsvp_for_event":"","_tribe_ticket_going_count":"","_tribe_ticket_not_going_count":"","_tribe_tickets_list":"[]","_tribe_ticket_has_attendee_info_fields":false,"footnotes":"","_tec_slr_enabled":"","_tec_slr_layout":""},"class_list":["post-157","page","type-page","status-publish","hentry"],"acf":[],"ticketed":false,"_links":{"self":[{"href":"https:\/\/liedena.es\/index.php\/wp-json\/wp\/v2\/pages\/157","targetHints":{"allow":["GET"]}}],"collection":[{"href":"https:\/\/liedena.es\/index.php\/wp-json\/wp\/v2\/pages"}],"about":[{"href":"https:\/\/liedena.es\/index.php\/wp-json\/wp\/v2\/types\/page"}],"author":[{"embeddable":true,"href":"https:\/\/liedena.es\/index.php\/wp-json\/wp\/v2\/users\/1"}],"replies":[{"embeddable":true,"href":"https:\/\/liedena.es\/index.php\/wp-json\/wp\/v2\/comments?post=157"}],"version-history":[{"count":6,"href":"https:\/\/liedena.es\/index.php\/wp-json\/wp\/v2\/pages\/157\/revisions"}],"predecessor-version":[{"id":1778,"href":"https:\/\/liedena.es\/index.php\/wp-json\/wp\/v2\/pages\/157\/revisions\/1778"}],"wp:attachment":[{"href":"https:\/\/liedena.es\/index.php\/wp-json\/wp\/v2\/media?parent=157"}],"curies":[{"name":"wp","href":"https:\/\/api.w.org\/{rel}","templated":true}]}}