{"id":175,"date":"2016-06-08T17:00:57","date_gmt":"2016-06-08T17:00:57","guid":{"rendered":"http:\/\/liedena.enekoapaolaza.com\/?page_id=175"},"modified":"2025-11-25T14:49:20","modified_gmt":"2025-11-25T12:49:20","slug":"cultura","status":"publish","type":"page","link":"https:\/\/liedena.es\/index.php\/cultura\/","title":{"rendered":"Cultura"},"content":{"rendered":"<div class=\"fusion-fullwidth fullwidth-box fusion-builder-row-1 fusion-flex-container nonhundred-percent-fullwidth non-hundred-percent-height-scrolling\" style=\"--awb-border-radius-top-left:0px;--awb-border-radius-top-right:0px;--awb-border-radius-bottom-right:0px;--awb-border-radius-bottom-left:0px;--awb-flex-wrap:wrap;\" ><div class=\"fusion-builder-row fusion-row fusion-flex-align-items-flex-start fusion-flex-content-wrap\" style=\"max-width:1144px;margin-left: calc(-4% \/ 2 );margin-right: calc(-4% \/ 2 );\"><div class=\"fusion-layout-column fusion_builder_column fusion-builder-column-0 fusion_builder_column_1_1 1_1 fusion-flex-column\" style=\"--awb-bg-size:cover;--awb-width-large:100%;--awb-margin-top-large:0px;--awb-spacing-right-large:1.92%;--awb-margin-bottom-large:0px;--awb-spacing-left-large:1.92%;--awb-width-medium:100%;--awb-spacing-right-medium:1.92%;--awb-spacing-left-medium:1.92%;--awb-width-small:100%;--awb-spacing-right-small:1.92%;--awb-spacing-left-small:1.92%;\"><div class=\"fusion-column-wrapper fusion-flex-justify-content-flex-start fusion-content-layout-column\"><div class=\"fusion-text fusion-text-1\"><h3><img decoding=\"async\" class=\"alignright size-full wp-image-3954\" src=\"https:\/\/liedena.es\/wp-content\/uploads\/2025\/11\/New-York-Public-Library.jpg\" alt=\"\" width=\"1654\" height=\"2339\" srcset=\"https:\/\/liedena.es\/wp-content\/uploads\/2025\/11\/New-York-Public-Library-200x283.jpg 200w, https:\/\/liedena.es\/wp-content\/uploads\/2025\/11\/New-York-Public-Library-212x300.jpg 212w, https:\/\/liedena.es\/wp-content\/uploads\/2025\/11\/New-York-Public-Library-400x566.jpg 400w, https:\/\/liedena.es\/wp-content\/uploads\/2025\/11\/New-York-Public-Library-600x848.jpg 600w, https:\/\/liedena.es\/wp-content\/uploads\/2025\/11\/New-York-Public-Library-724x1024.jpg 724w, https:\/\/liedena.es\/wp-content\/uploads\/2025\/11\/New-York-Public-Library-768x1086.jpg 768w, https:\/\/liedena.es\/wp-content\/uploads\/2025\/11\/New-York-Public-Library-800x1131.jpg 800w, https:\/\/liedena.es\/wp-content\/uploads\/2025\/11\/New-York-Public-Library-1086x1536.jpg 1086w, https:\/\/liedena.es\/wp-content\/uploads\/2025\/11\/New-York-Public-Library-1200x1697.jpg 1200w, https:\/\/liedena.es\/wp-content\/uploads\/2025\/11\/New-York-Public-Library-1448x2048.jpg 1448w, https:\/\/liedena.es\/wp-content\/uploads\/2025\/11\/New-York-Public-Library.jpg 1654w\" sizes=\"(max-width: 1654px) 100vw, 1654px\" \/><span style=\"color: #ff0000;\"><em><strong>NOTICIAS CULTURALES Y ENLACES DE INTER\u00c9S<\/strong><\/em><\/span><\/h3>\n<h2><em><span style=\"color: #ff0000;\"><strong>PREMIADOS DEL S\u00c9PTIMO CERTAMEN DE RELATO BREVE DEL TREN IRATI<\/strong><\/span><\/em><\/h2>\n<p><a href=\"https:\/\/ayuntamientodeliedena.blogspot.com\/2023\/12\/\" target=\"_blank\" rel=\"noopener\"><strong>PINCHANDO EN ESTE ENLACE PUEDES VER EL FALLO DEL JURADO Y LEER LOS RELATOS PREMIADOS<\/strong><\/a><\/p>\n<h3><a href=\"https:\/\/youtu.be\/7tMouCABNqQ\" target=\"_blank\" rel=\"noopener\">Concierto de Discantus en Li\u00e9dena (fragmento) 4-11-16<\/a><\/h3>\n<h3><a href=\"https:\/\/youtu.be\/URClfviRc64\" target=\"_blank\" rel=\"noopener\">Coral Discantus Vocal Ensemble de Bucarest. Li\u00e9dena 4-11-16<\/a><\/h3>\n<h3><a href=\"http:\/\/ayuntamientodeliedena.blogspot.com.es\/2016\/11\/coral-discantus-vocal-ensemble-liedena.html\" target=\"_blank\" rel=\"noopener\">http:\/\/ayuntamientodeliedena.blogspot.com.es\/2016\/11\/coral-discantus-vocal-ensemble-liedena.html<\/a><\/h3>\n<h3>Primer certamen de relato breve sobre el tren del Irati. M\u00e1s informaci\u00f3n pinchando en el enlace \u00a0<a href=\"http:\/\/ayuntamientodeliedena.blogspot.com.es\/2016_09_01_archive.html\" target=\"_blank\" rel=\"noopener\">http:\/\/ayuntamientodeliedena.blogspot.com.es\/2016_09_01_archive.html\u00a0<\/a><\/h3>\n<h3><\/h3>\n<h3>Jes\u00fas Ballaz.\u00a0Prol\u00edfico escritor lieden\u00e9s\u00a0<a href=\"http:\/\/www.anayainfantilyjuvenil.com\/ficha_autor.php?id=906615\" target=\"_blank\" rel=\"noopener\">http:\/\/www.anayainfantilyjuvenil.com\/ficha_autor.php?id=906615<\/a><\/h3>\n<h3><a href=\"http:\/\/jesusballaz.blogspot.com.es\/p\/biografia.html\" target=\"_blank\" rel=\"noopener\">http:\/\/jesusballaz.blogspot.com.es\/p\/biografia.html<\/a><\/h3>\n<div class=\"video-shortcode\"><iframe title=\"El escritor Jes\u00fas Ballaz convierte a los ni\u00f1os en h\u00e9roes\" width=\"1100\" height=\"825\" src=\"https:\/\/www.youtube.com\/embed\/W26SX01oIr0?feature=oembed\" frameborder=\"0\" allow=\"accelerometer; autoplay; clipboard-write; encrypted-media; gyroscope; picture-in-picture\" allowfullscreen><\/iframe><\/div>\n<h3>Informaci\u00f3n\u00a0sobre el desaparecido tren del Irati:<\/h3>\n<h3><a href=\"http:\/\/www.nabarralde.com\/denda\/libros-liburuak\/8-el-irati-sa-el-sueno-de-domingo-elizondo.html\" target=\"_blank\" rel=\"noopener\">http:\/\/www.nabarralde.com\/denda\/libros-liburuak\/8-el-irati-sa-el-sueno-de-domingo-elizondo.html<\/a><\/h3>\n<h3><a href=\"http:\/\/www.enciclopedianavarra.com\/?page_id=11729\" target=\"_blank\" rel=\"noopener\">http:\/\/www.enciclopedianavarra.com\/?page_id=11729<\/a><\/h3>\n<h3>Libro que habla de la vida y obra del Padre Mendive de Li\u00e9dena<a href=\"http:\/\/dadun.unav.edu\/handle\/10171\/14937\" target=\"_blank\" rel=\"noopener\">\u00a0http:\/\/dadun.unav.edu\/handle\/10171\/14937<\/a><\/h3>\n<\/div><\/div><\/div><\/div><\/div>\n","protected":false},"excerpt":{"rendered":"","protected":false},"author":1,"featured_media":0,"parent":0,"menu_order":0,"comment_status":"closed","ping_status":"closed","template":"","meta":{"_acf_changed":false,"_price":"","_stock":"","_tribe_ticket_header":"","_tribe_default_ticket_provider":"","_tribe_ticket_capacity":"0","_ticket_start_date":"","_ticket_end_date":"","_tribe_ticket_show_description":"","_tribe_ticket_show_not_going":false,"_tribe_ticket_use_global_stock":"","_tribe_ticket_global_stock_level":"","_global_stock_mode":"","_global_stock_cap":"","_tribe_rsvp_for_event":"","_tribe_ticket_going_count":"","_tribe_ticket_not_going_count":"","_tribe_tickets_list":"[]","_tribe_ticket_has_attendee_info_fields":false,"footnotes":"","_tec_slr_enabled":"","_tec_slr_layout":""},"class_list":["post-175","page","type-page","status-publish","hentry"],"acf":[],"ticketed":false,"_links":{"self":[{"href":"https:\/\/liedena.es\/index.php\/wp-json\/wp\/v2\/pages\/175","targetHints":{"allow":["GET"]}}],"collection":[{"href":"https:\/\/liedena.es\/index.php\/wp-json\/wp\/v2\/pages"}],"about":[{"href":"https:\/\/liedena.es\/index.php\/wp-json\/wp\/v2\/types\/page"}],"author":[{"embeddable":true,"href":"https:\/\/liedena.es\/index.php\/wp-json\/wp\/v2\/users\/1"}],"replies":[{"embeddable":true,"href":"https:\/\/liedena.es\/index.php\/wp-json\/wp\/v2\/comments?post=175"}],"version-history":[{"count":27,"href":"https:\/\/liedena.es\/index.php\/wp-json\/wp\/v2\/pages\/175\/revisions"}],"predecessor-version":[{"id":3955,"href":"https:\/\/liedena.es\/index.php\/wp-json\/wp\/v2\/pages\/175\/revisions\/3955"}],"wp:attachment":[{"href":"https:\/\/liedena.es\/index.php\/wp-json\/wp\/v2\/media?parent=175"}],"curies":[{"name":"wp","href":"https:\/\/api.w.org\/{rel}","templated":true}]}}