{"id":2929,"date":"2023-05-17T10:05:45","date_gmt":"2023-05-17T08:05:45","guid":{"rendered":"https:\/\/liedena.es\/?page_id=2929"},"modified":"2025-05-15T10:46:25","modified_gmt":"2025-05-15T08:46:25","slug":"convocatoria-de-ayudas-a-asociaciones-de-liedena","status":"publish","type":"page","link":"https:\/\/liedena.es\/index.php\/convocatoria-de-ayudas-a-asociaciones-de-liedena\/","title":{"rendered":"Convocatoria de Ayudas a Asociaciones de Li\u00e9dena"},"content":{"rendered":"<div class=\"fusion-fullwidth fullwidth-box fusion-builder-row-1 fusion-flex-container nonhundred-percent-fullwidth non-hundred-percent-height-scrolling\" style=\"--awb-border-radius-top-left:0px;--awb-border-radius-top-right:0px;--awb-border-radius-bottom-right:0px;--awb-border-radius-bottom-left:0px;--awb-flex-wrap:wrap;\" ><div class=\"fusion-builder-row fusion-row fusion-flex-align-items-flex-start fusion-flex-content-wrap\" style=\"max-width:1144px;margin-left: calc(-4% \/ 2 );margin-right: calc(-4% \/ 2 );\"><div class=\"fusion-layout-column fusion_builder_column fusion-builder-column-0 fusion_builder_column_1_3 1_3 fusion-flex-column\" style=\"--awb-bg-size:cover;--awb-width-large:33.333333333333%;--awb-margin-top-large:0px;--awb-spacing-right-large:5.76%;--awb-margin-bottom-large:0px;--awb-spacing-left-large:5.76%;--awb-width-medium:100%;--awb-spacing-right-medium:1.92%;--awb-spacing-left-medium:1.92%;--awb-width-small:100%;--awb-spacing-right-small:1.92%;--awb-spacing-left-small:1.92%;\"><div class=\"fusion-column-wrapper fusion-flex-justify-content-flex-start fusion-content-layout-column\"><div class=\"fusion-text fusion-text-1\"><p><a href=\"https:\/\/liedena.es\/wp-content\/uploads\/2025\/04\/Bases-ayudas-a-asociaciones-2025.pdf\" class=\"mtli_attachment mtli_pdf\" target=\"_blank\" rel=\"noopener\">Bases ayudas Asociaciones 2025<\/a><\/p>\n<p><a href=\"https:\/\/liedena.es\/wp-content\/uploads\/2025\/04\/EDIT-ANEXO-I-fichas-1-2-y-3-.pdf\" class=\"mtli_attachment mtli_pdf\" target=\"_blank\" rel=\"noopener\">EDIT-ANEXO-I-fichas-1-2-y-3<\/a><\/p>\n<p><a href=\"https:\/\/liedena.es\/wp-content\/uploads\/2025\/04\/anexo-II-justificacion-facturas-.pdf\" class=\"mtli_attachment mtli_pdf\" target=\"_blank\" rel=\"noopener\">EDIT-ANEXO II justificaci\u00f3n de facturas<\/a><\/p>\n<p><a href=\"https:\/\/liedena.es\/wp-content\/uploads\/2025\/04\/anexo-III-memoria-final-.pdf\" class=\"mtli_attachment mtli_pdf\" target=\"_blank\" rel=\"noopener\">EDIT-ANEXO III memoria final de resultados<\/a><\/p>\n<p><a href=\"https:\/\/liedena.es\/wp-content\/uploads\/2025\/04\/EDIT-ANEXO-IV-fichas-1-y-2-.pdf\" class=\"mtli_attachment mtli_pdf\" target=\"_blank\" rel=\"noopener\">EDIT-ANEXO-IV-fichas-1-y-2<\/a><\/p>\n<p><a href=\"https:\/\/liedena.es\/wp-content\/uploads\/2025\/04\/RESOLUCION-DE-ALCALDIA-2025-0060-Resolucion-de-aprobacion-de-convocatoria.pdf\" class=\"mtli_attachment mtli_pdf\" target=\"_blank\" rel=\"noopener\">Resoluci\u00f3n de Alcald\u00eda 2025-0060 (Resoluci\u00f3n de la aprobaci\u00f3n de la convocatoria y de las bases reguladoras de ayudas a asociaciones 2025)<\/a><\/p>\n<p><a href=\"https:\/\/liedena.es\/wp-content\/uploads\/2025\/05\/SwMxWWwkKzvjlkYGh4paJp6owtT0LGnLTGEzdbpFa27_82HYluzMDK5LaENa-Dt6vf1iqH59TKCCipV8B6EPrmxBcahb6P1Bdm4H3A-xDMwDZCmw37gvxxkwksoSiwGQ4aFMMEPlw144pXQ8BKKXlUI6zoUbMeHXrEpPf3Q9w9U.pdf\" class=\"mtli_attachment mtli_pdf\" target=\"_blank\" rel=\"noopener\">BANDO AYUDAS A ASOCIACIONES DEL MUNICIPIO DE LI\u00c9DENA PARA LA REALIZACI\u00d3N DE ACTIVIDADES CULTURALES Y\/O DEPORTIVAS Y\/O SOCIALES . A\u00d1O 2025<\/a><\/p>\n<\/div><\/div><\/div><div class=\"fusion-layout-column fusion_builder_column fusion-builder-column-1 fusion_builder_column_1_3 1_3 fusion-flex-column\" style=\"--awb-bg-size:cover;--awb-width-large:33.333333333333%;--awb-margin-top-large:0px;--awb-spacing-right-large:5.76%;--awb-margin-bottom-large:0px;--awb-spacing-left-large:5.76%;--awb-width-medium:100%;--awb-spacing-right-medium:1.92%;--awb-spacing-left-medium:1.92%;--awb-width-small:100%;--awb-spacing-right-small:1.92%;--awb-spacing-left-small:1.92%;\"><div class=\"fusion-column-wrapper fusion-flex-justify-content-flex-start fusion-content-layout-column\"><\/div><\/div><\/div><\/div>\n","protected":false},"excerpt":{"rendered":"","protected":false},"author":2,"featured_media":0,"parent":0,"menu_order":0,"comment_status":"closed","ping_status":"closed","template":"","meta":{"_acf_changed":false,"_price":"","_stock":"","_tribe_ticket_header":"","_tribe_default_ticket_provider":"","_tribe_ticket_capacity":"0","_ticket_start_date":"","_ticket_end_date":"","_tribe_ticket_show_description":"","_tribe_ticket_show_not_going":false,"_tribe_ticket_use_global_stock":"","_tribe_ticket_global_stock_level":"","_global_stock_mode":"","_global_stock_cap":"","_tribe_rsvp_for_event":"","_tribe_ticket_going_count":"","_tribe_ticket_not_going_count":"","_tribe_tickets_list":"[]","_tribe_ticket_has_attendee_info_fields":false,"footnotes":"","_tec_slr_enabled":"","_tec_slr_layout":""},"class_list":["post-2929","page","type-page","status-publish","hentry"],"acf":[],"ticketed":false,"_links":{"self":[{"href":"https:\/\/liedena.es\/index.php\/wp-json\/wp\/v2\/pages\/2929","targetHints":{"allow":["GET"]}}],"collection":[{"href":"https:\/\/liedena.es\/index.php\/wp-json\/wp\/v2\/pages"}],"about":[{"href":"https:\/\/liedena.es\/index.php\/wp-json\/wp\/v2\/types\/page"}],"author":[{"embeddable":true,"href":"https:\/\/liedena.es\/index.php\/wp-json\/wp\/v2\/users\/2"}],"replies":[{"embeddable":true,"href":"https:\/\/liedena.es\/index.php\/wp-json\/wp\/v2\/comments?post=2929"}],"version-history":[{"count":24,"href":"https:\/\/liedena.es\/index.php\/wp-json\/wp\/v2\/pages\/2929\/revisions"}],"predecessor-version":[{"id":3817,"href":"https:\/\/liedena.es\/index.php\/wp-json\/wp\/v2\/pages\/2929\/revisions\/3817"}],"wp:attachment":[{"href":"https:\/\/liedena.es\/index.php\/wp-json\/wp\/v2\/media?parent=2929"}],"curies":[{"name":"wp","href":"https:\/\/api.w.org\/{rel}","templated":true}]}}