{"id":2967,"date":"2023-05-28T22:29:12","date_gmt":"2023-05-28T20:29:12","guid":{"rendered":"https:\/\/liedena.es\/?page_id=2967"},"modified":"2026-02-02T19:50:55","modified_gmt":"2026-02-02T17:50:55","slug":"rocodromo-de-liedena","status":"publish","type":"page","link":"https:\/\/liedena.es\/index.php\/rocodromo-de-liedena\/","title":{"rendered":"Rocodromo de Liedena"},"content":{"rendered":"<div class=\"fusion-fullwidth fullwidth-box fusion-builder-row-1 fusion-flex-container nonhundred-percent-fullwidth non-hundred-percent-height-scrolling\" style=\"--link_hover_color: #ef15d9;--link_color: #ef15d9;--awb-border-sizes-top:0px;--awb-border-sizes-bottom:0px;--awb-border-sizes-left:0px;--awb-border-sizes-right:0px;--awb-border-color:#d1d1d1;--awb-border-radius-top-left:0px;--awb-border-radius-top-right:0px;--awb-border-radius-bottom-right:0px;--awb-border-radius-bottom-left:0px;--awb-padding-top:96px;--awb-padding-right:30px;--awb-padding-bottom:96px;--awb-padding-left:30px;--awb-padding-top-medium:72px;--awb-padding-bottom-medium:72px;--awb-padding-top-small:48px;--awb-padding-bottom-small:48px;--awb-margin-top:0px;--awb-margin-bottom:0px;--awb-background-color:#ffffff;--awb-flex-wrap:wrap;\" ><div class=\"fusion-builder-row fusion-row fusion-flex-align-items-stretch fusion-flex-content-wrap\" style=\"max-width:1144px;margin-left: calc(-4% \/ 2 );margin-right: calc(-4% \/ 2 );\"><div class=\"fusion-layout-column fusion_builder_column fusion-builder-column-0 fusion_builder_column_1_3 1_3 fusion-flex-column fusion-animated\" style=\"--awb-bg-color:#eeedef;--awb-bg-color-hover:#eeedef;--awb-bg-size:cover;--awb-width-large:33.333333333333%;--awb-margin-top-large:0px;--awb-spacing-right-large:5.76%;--awb-margin-bottom-large:0px;--awb-spacing-left-large:0%;--awb-width-medium:33.333333333333%;--awb-order-medium:0;--awb-spacing-right-medium:5.76%;--awb-spacing-left-medium:0%;--awb-width-small:100%;--awb-order-small:1;--awb-spacing-right-small:1.92%;--awb-margin-bottom-small:40px;--awb-spacing-left-small:1.92%;\" data-animationType=\"fadeInUp\" data-animationDuration=\"1.3\" data-animationOffset=\"top-into-view\"><div class=\"fusion-column-wrapper fusion-column-has-shadow fusion-flex-justify-content-flex-start fusion-content-layout-column\"><div class=\"fusion-builder-row fusion-builder-row-inner fusion-row fusion-flex-align-items-stretch fusion-flex-content-wrap\" style=\"--awb-flex-grow:0;--awb-flex-grow-medium:0;--awb-flex-grow-small:0;--awb-flex-shrink:0;--awb-flex-shrink-medium:0;--awb-flex-shrink-small:0;width:104% !important;max-width:104% !important;margin-left: calc(-4% \/ 2 );margin-right: calc(-4% \/ 2 );\"><div class=\"fusion-layout-column fusion_builder_column_inner fusion-builder-nested-column-0 fusion_builder_column_inner_1_1 1_1 fusion-flex-column\" style=\"--awb-bg-size:cover;--awb-width-large:100%;--awb-margin-top-large:0px;--awb-spacing-right-large:1.92%;--awb-margin-bottom-large:0px;--awb-spacing-left-large:1.92%;--awb-width-medium:100%;--awb-order-medium:0;--awb-spacing-right-medium:1.92%;--awb-spacing-left-medium:1.92%;--awb-width-small:100%;--awb-order-small:0;--awb-spacing-right-small:1.92%;--awb-spacing-left-small:1.92%;\"><div class=\"fusion-column-wrapper fusion-column-has-shadow fusion-flex-justify-content-flex-start fusion-content-layout-column\"><div class=\"fusion-image-element fusion-no-small-visibility\" style=\"text-align:center;--awb-aspect-ratio: 100 \/ 60;--awb-caption-overlay-color:#ffffff;--awb-caption-title-font-family:var(--h2_typography-font-family);--awb-caption-title-font-weight:var(--h2_typography-font-weight);--awb-caption-title-font-style:var(--h2_typography-font-style);--awb-caption-title-size:var(--h2_typography-font-size);--awb-caption-title-transform:var(--h2_typography-text-transform);--awb-caption-title-line-height:var(--h2_typography-line-height);--awb-caption-title-letter-spacing:var(--h2_typography-letter-spacing);\"><span class=\" fusion-imageframe imageframe-none imageframe-1 hover-type-zoomin has-aspect-ratio\"><img decoding=\"async\" width=\"1024\" height=\"683\" title=\"WhatsApp Image 2021-12-06 at 15.45.21 (3)\" src=\"https:\/\/liedena.es\/wp-content\/uploads\/2023\/05\/WhatsApp-Image-2021-12-06-at-15.45.21-3.jpeg\" class=\"img-responsive wp-image-2973 img-with-aspect-ratio\" data-parent-fit=\"cover\" data-parent-container=\".fusion-image-element\" alt srcset=\"https:\/\/liedena.es\/wp-content\/uploads\/2023\/05\/WhatsApp-Image-2021-12-06-at-15.45.21-3-200x133.jpeg 200w, https:\/\/liedena.es\/wp-content\/uploads\/2023\/05\/WhatsApp-Image-2021-12-06-at-15.45.21-3-400x267.jpeg 400w, https:\/\/liedena.es\/wp-content\/uploads\/2023\/05\/WhatsApp-Image-2021-12-06-at-15.45.21-3-600x400.jpeg 600w, https:\/\/liedena.es\/wp-content\/uploads\/2023\/05\/WhatsApp-Image-2021-12-06-at-15.45.21-3-800x534.jpeg 800w, https:\/\/liedena.es\/wp-content\/uploads\/2023\/05\/WhatsApp-Image-2021-12-06-at-15.45.21-3.jpeg 1024w\" sizes=\"(max-width: 1024px) 100vw, (max-width: 640px) 100vw, 1024px\" \/><\/span><\/div><\/div><\/div><\/div><div class=\"fusion-title title fusion-title-1 fusion-title-text fusion-title-size-four\" style=\"--awb-text-color:#110911;--awb-margin-top:40px;--awb-margin-right:40px;--awb-margin-bottom:25px;--awb-margin-left:40px;--awb-margin-top-small:10px;--awb-margin-right-small:0px;--awb-margin-bottom-small:10px;--awb-margin-left-small:0px;--awb-sep-color:#d1d1d1;--awb-font-size:30px;\"><div class=\"title-sep-container title-sep-container-left fusion-no-large-visibility fusion-no-medium-visibility fusion-no-small-visibility\"><div class=\"title-sep sep-double sep-solid\" style=\"border-color:#d1d1d1;\"><\/div><\/div><span class=\"awb-title-spacer fusion-no-large-visibility fusion-no-medium-visibility fusion-no-small-visibility\"><\/span><h4 class=\"fusion-title-heading title-heading-left fusion-responsive-typography-calculated\" style=\"font-family:&quot;Barlow Condensed&quot;;font-style:normal;font-weight:500;margin:0;text-transform:var(--awb-typography1-text-transform);font-size:1em;--fontSize:30;line-height:1.2;\">HORARIOS Y LOCALIZACION<\/h4><span class=\"awb-title-spacer\"><\/span><div class=\"title-sep-container title-sep-container-right\"><div class=\"title-sep sep-double sep-solid\" style=\"border-color:#d1d1d1;\"><\/div><\/div><\/div><div class=\"fusion-text fusion-text-1 fusion-text-no-margin\" style=\"--awb-font-size:18px;--awb-line-height:1.7;--awb-letter-spacing:0px;--awb-text-transform:var(--awb-typography4-text-transform);--awb-text-color:#653465;--awb-margin-top:0px;--awb-margin-right:40px;--awb-margin-bottom:45px;--awb-margin-left:40px;--awb-text-font-family:&quot;Barlow&quot;;--awb-text-font-style:normal;--awb-text-font-weight:400;\"><p style=\"text-align: left;\"><span style=\"color: #3366ff;\"><strong>HORARIO\u00a0<\/strong><\/span><\/p>\n<p style=\"text-align: left;\">Su uso puede ser\u00a0 de lunes a domingo<\/p>\n<p style=\"text-align: left;\">de 10:00 h. a 20:30 h.<\/p>\n<p style=\"text-align: left;\"><strong>Hacer la reserva con un d\u00eda de antelaci\u00f3n llamando\u00a0 en horario de lunes a viernes y de 10:00h. a 14:00h. y de 17:00h. a 20:00h.\u00a0 al tel\u00e9fono:<\/strong><\/p>\n<h2 style=\"text-align: left;\"><strong>610 097 779<\/strong><\/h2>\n<p class=\"has-large-font-size\" style=\"text-align: left;\">Para otras cuestiones relacionadas con el roc\u00f3dromo se puede mandar un email a<\/p>\n<h2 style=\"text-align: left;\"><strong><a href=\"mailto:liedenaroc@gmail.com\" target=\"_blank\" rel=\"noopener\">liedenaroc@gmail.com<\/a><\/strong><\/h2>\n<p style=\"text-align: left;\"><span style=\"color: #3366ff;\"><b>LOCALIZACI\u00d3N:<\/b><\/span><\/p>\n<p style=\"text-align: left;\"><strong>Calle Escuelas 2, 31487 Li\u00e9dena (Front\u00f3n municipal)<\/strong><\/p>\n<\/div><div style=\"text-align:center;\"><a class=\"fusion-button button-flat fusion-button-default-size button-custom fusion-button-default button-1 fusion-button-default-span \" style=\"--awb-margin-top:0px;--awb-margin-right:40px;--awb-margin-bottom:40px;--awb-margin-left:40px;--awb-padding-top:12px;--awb-padding-right:28px;--awb-padding-bottom:12px;--awb-padding-left:28px;--button_bevel_color:#cbe010;--button_bevel_color_hover:#cbe010;--button_accent_color:#110911;--button_border_color:#361c36;--button_accent_hover_color:#110911;--button_border_hover_color:#361c36;--button_border_width-top:0px;--button_border_width-right:0px;--button_border_width-bottom:0px;--button_border_width-left:0px;--button-border-radius-top-left:50px;--button-border-radius-top-right:50px;--button-border-radius-bottom-right:50px;--button-border-radius-bottom-left:50px;--button_gradient_start:49%;--button_gradient_end:0%;--button_gradient_top_color:#ffffff;--button_gradient_bottom_color:#ffffff;--button_gradient_top_color_hover:#cbe010;--button_gradient_bottom_color_hover:#cbe010;--button_text_transform:var(--awb-typography3-text-transform);--button_font_size:16px;--button_line_height:1.7;--button_typography-letter-spacing:0px;--button_typography-font-family:&quot;Arimo&quot;;--button_typography-font-style:normal;--button_typography-font-weight:600;\" target=\"_self\" href=\"https:\/\/www.google.com\/maps\/place\/Rocodromo+de+Li%C3%A9dena\/@42.6200401,-1.2750064,20.75z\/data=!4m14!1m7!3m6!1s0xd50ab39b10f4597:0x657f0763baa19d54!2sRocodromo+de+Li%C3%A9dena!8m2!3d42.6200826!4d-1.2748297!16s%2Fg%2F11mmkvb9yy!3m5!1s0xd50ab39b10f4597:0x657f0763baa19d54!8m2!3d42.6200826!4d-1.2748297!16s%2Fg%2F11mmkvb9yy?entry=ttu\"><span class=\"fusion-button-text awb-button__text awb-button__text--default\">LOCALIZACI\u00d3N<\/span><\/a><\/div><\/div><\/div><div class=\"fusion-layout-column fusion_builder_column fusion-builder-column-1 fusion_builder_column_1_3 1_3 fusion-flex-column fusion-animated\" style=\"--awb-bg-color:#eeedef;--awb-bg-color-hover:#eeedef;--awb-bg-size:cover;--awb-width-large:33.333333333333%;--awb-margin-top-large:0px;--awb-spacing-right-large:1.728%;--awb-margin-bottom-large:0px;--awb-spacing-left-large:5.76%;--awb-width-medium:33.333333333333%;--awb-order-medium:0;--awb-spacing-right-medium:1.728%;--awb-spacing-left-medium:5.76%;--awb-width-small:100%;--awb-order-small:1;--awb-spacing-right-small:1.92%;--awb-margin-bottom-small:40px;--awb-spacing-left-small:1.92%;\" data-animationType=\"fadeInUp\" data-animationDuration=\"1.3\" data-animationOffset=\"top-into-view\"><div class=\"fusion-column-wrapper fusion-column-has-shadow fusion-flex-justify-content-flex-start fusion-content-layout-column\"><div class=\"fusion-builder-row fusion-builder-row-inner fusion-row fusion-flex-align-items-stretch fusion-flex-content-wrap\" style=\"--awb-flex-grow:0;--awb-flex-grow-medium:0;--awb-flex-grow-small:0;--awb-flex-shrink:0;--awb-flex-shrink-medium:0;--awb-flex-shrink-small:0;width:104% !important;max-width:104% !important;margin-left: calc(-4% \/ 2 );margin-right: calc(-4% \/ 2 );\"><div class=\"fusion-layout-column fusion_builder_column_inner fusion-builder-nested-column-1 fusion_builder_column_inner_1_1 1_1 fusion-flex-column\" style=\"--awb-bg-size:cover;--awb-width-large:100%;--awb-margin-top-large:0px;--awb-spacing-right-large:1.92%;--awb-margin-bottom-large:0px;--awb-spacing-left-large:1.92%;--awb-width-medium:100%;--awb-order-medium:0;--awb-spacing-right-medium:1.92%;--awb-spacing-left-medium:1.92%;--awb-width-small:100%;--awb-order-small:0;--awb-spacing-right-small:1.92%;--awb-spacing-left-small:1.92%;\"><div class=\"fusion-column-wrapper fusion-column-has-shadow fusion-flex-justify-content-flex-start fusion-content-layout-column\"><div class=\"fusion-image-element \" style=\"--awb-aspect-ratio: 100 \/ 66;--awb-margin-top:0px;--awb-caption-overlay-color:#ffffff;--awb-caption-title-font-family:var(--h2_typography-font-family);--awb-caption-title-font-weight:var(--h2_typography-font-weight);--awb-caption-title-font-style:var(--h2_typography-font-style);--awb-caption-title-size:var(--h2_typography-font-size);--awb-caption-title-transform:var(--h2_typography-text-transform);--awb-caption-title-line-height:var(--h2_typography-line-height);--awb-caption-title-letter-spacing:var(--h2_typography-letter-spacing);\"><span class=\" fusion-imageframe imageframe-none imageframe-2 hover-type-zoomin has-aspect-ratio\"><img decoding=\"async\" width=\"1920\" height=\"2560\" title=\"20220202_175744\" src=\"https:\/\/liedena.es\/wp-content\/uploads\/2023\/05\/20220202_175744-scaled.jpg\" class=\"img-responsive wp-image-2974 img-with-aspect-ratio\" data-parent-fit=\"cover\" data-parent-container=\".fusion-image-element\" alt srcset=\"https:\/\/liedena.es\/wp-content\/uploads\/2023\/05\/20220202_175744-200x267.jpg 200w, https:\/\/liedena.es\/wp-content\/uploads\/2023\/05\/20220202_175744-400x533.jpg 400w, https:\/\/liedena.es\/wp-content\/uploads\/2023\/05\/20220202_175744-600x800.jpg 600w, https:\/\/liedena.es\/wp-content\/uploads\/2023\/05\/20220202_175744-800x1067.jpg 800w, https:\/\/liedena.es\/wp-content\/uploads\/2023\/05\/20220202_175744-1200x1600.jpg 1200w, https:\/\/liedena.es\/wp-content\/uploads\/2023\/05\/20220202_175744-scaled.jpg 1920w\" sizes=\"(max-width: 1024px) 100vw, (max-width: 640px) 100vw, 1200px\" \/><\/span><\/div><\/div><\/div><\/div><div class=\"fusion-title title fusion-title-2 fusion-title-text fusion-title-size-four\" style=\"--awb-text-color:#110911;--awb-margin-top:40px;--awb-margin-right:40px;--awb-margin-bottom:25px;--awb-margin-left:40px;--awb-margin-top-small:10px;--awb-margin-right-small:0px;--awb-margin-bottom-small:10px;--awb-margin-left-small:0px;--awb-sep-color:#d1d1d1;--awb-font-size:30px;\"><div class=\"title-sep-container title-sep-container-left fusion-no-large-visibility fusion-no-medium-visibility fusion-no-small-visibility\"><div class=\"title-sep sep-double sep-solid\" style=\"border-color:#d1d1d1;\"><\/div><\/div><span class=\"awb-title-spacer fusion-no-large-visibility fusion-no-medium-visibility fusion-no-small-visibility\"><\/span><h4 class=\"fusion-title-heading title-heading-left fusion-responsive-typography-calculated\" style=\"font-family:&quot;Barlow Condensed&quot;;font-style:normal;font-weight:500;margin:0;text-transform:var(--awb-typography1-text-transform);font-size:1em;--fontSize:30;line-height:1.2;\">PRECIOS<\/h4><span class=\"awb-title-spacer\"><\/span><div class=\"title-sep-container title-sep-container-right\"><div class=\"title-sep sep-double sep-solid\" style=\"border-color:#d1d1d1;\"><\/div><\/div><\/div><div class=\"fusion-text fusion-text-2 fusion-text-no-margin\" style=\"--awb-font-size:18px;--awb-line-height:1.7;--awb-letter-spacing:0px;--awb-text-transform:var(--awb-typography4-text-transform);--awb-text-color:#653465;--awb-margin-right:40px;--awb-margin-bottom:45px;--awb-margin-left:40px;--awb-text-font-family:&quot;Barlow&quot;;--awb-text-font-style:normal;--awb-text-font-weight:400;\"><h1><strong>1 pase adulto, 18 a\u00f1os en adelante\/d\u00eda: 5 \u20ac<\/strong><\/h1>\n<h1><strong>1 pase infantil hasta 17 a\u00f1os\/d\u00eda: 2\u20ac<\/strong><\/h1>\n<h1><strong>Tarifas reducidas especiales por temporada completa para clubs de monta\u00f1a y escalada\u00a0<\/strong><strong>consultando la ordenanza del roc\u00f3dromo.<\/strong><\/h1>\n<h2><strong>Informaci\u00f3n del modo de pago llamando al 610 097 779 a la hora de hacer la reserva\u00a0<\/strong><\/h2>\n<\/div><\/div><\/div><div class=\"fusion-layout-column fusion_builder_column fusion-builder-column-2 fusion_builder_column_1_3 1_3 fusion-flex-column fusion-animated\" style=\"--awb-bg-color:#eeedef;--awb-bg-color-hover:#eeedef;--awb-bg-size:cover;--awb-width-large:33.333333333333%;--awb-margin-top-large:0px;--awb-spacing-right-large:5.76%;--awb-margin-bottom-large:0px;--awb-spacing-left-large:5.76%;--awb-width-medium:33.333333333333%;--awb-order-medium:0;--awb-spacing-right-medium:5.76%;--awb-spacing-left-medium:5.76%;--awb-width-small:100%;--awb-order-small:1;--awb-spacing-right-small:1.92%;--awb-margin-bottom-small:40px;--awb-spacing-left-small:1.92%;\" data-animationType=\"fadeInUp\" data-animationDuration=\"1.3\" data-animationOffset=\"top-into-view\"><div class=\"fusion-column-wrapper fusion-column-has-shadow fusion-flex-justify-content-flex-start fusion-content-layout-column\"><div class=\"fusion-builder-row fusion-builder-row-inner fusion-row fusion-flex-align-items-stretch fusion-flex-content-wrap\" style=\"--awb-flex-grow:0;--awb-flex-grow-medium:0;--awb-flex-grow-small:0;--awb-flex-shrink:0;--awb-flex-shrink-medium:0;--awb-flex-shrink-small:0;width:104% !important;max-width:104% !important;margin-left: calc(-4% \/ 2 );margin-right: calc(-4% \/ 2 );\"><div class=\"fusion-layout-column fusion_builder_column_inner fusion-builder-nested-column-2 fusion_builder_column_inner_1_1 1_1 fusion-flex-column\" style=\"--awb-bg-size:cover;--awb-width-large:100%;--awb-margin-top-large:0px;--awb-spacing-right-large:1.92%;--awb-margin-bottom-large:0px;--awb-spacing-left-large:1.92%;--awb-width-medium:100%;--awb-order-medium:0;--awb-spacing-right-medium:1.92%;--awb-spacing-left-medium:1.92%;--awb-width-small:100%;--awb-order-small:0;--awb-spacing-right-small:1.92%;--awb-spacing-left-small:1.92%;\"><div class=\"fusion-column-wrapper fusion-column-has-shadow fusion-flex-justify-content-flex-start fusion-content-layout-column\"><div class=\"fusion-image-element \" style=\"--awb-caption-overlay-color:#ffffff;--awb-caption-title-font-family:var(--h2_typography-font-family);--awb-caption-title-font-weight:var(--h2_typography-font-weight);--awb-caption-title-font-style:var(--h2_typography-font-style);--awb-caption-title-size:var(--h2_typography-font-size);--awb-caption-title-transform:var(--h2_typography-text-transform);--awb-caption-title-line-height:var(--h2_typography-line-height);--awb-caption-title-letter-spacing:var(--h2_typography-letter-spacing);\"><span class=\" fusion-imageframe imageframe-none imageframe-3 hover-type-zoomin\"><img decoding=\"async\" width=\"1024\" height=\"683\" title=\"WhatsApp Image 2021-12-06 at 15.45.21 (2)\" src=\"https:\/\/liedena.es\/wp-content\/uploads\/2023\/05\/WhatsApp-Image-2021-12-06-at-15.45.21-2.jpeg\" alt class=\"img-responsive wp-image-2975\" srcset=\"https:\/\/liedena.es\/wp-content\/uploads\/2023\/05\/WhatsApp-Image-2021-12-06-at-15.45.21-2-200x133.jpeg 200w, https:\/\/liedena.es\/wp-content\/uploads\/2023\/05\/WhatsApp-Image-2021-12-06-at-15.45.21-2-400x267.jpeg 400w, https:\/\/liedena.es\/wp-content\/uploads\/2023\/05\/WhatsApp-Image-2021-12-06-at-15.45.21-2-600x400.jpeg 600w, https:\/\/liedena.es\/wp-content\/uploads\/2023\/05\/WhatsApp-Image-2021-12-06-at-15.45.21-2-800x534.jpeg 800w, https:\/\/liedena.es\/wp-content\/uploads\/2023\/05\/WhatsApp-Image-2021-12-06-at-15.45.21-2.jpeg 1024w\" sizes=\"(max-width: 1024px) 100vw, (max-width: 640px) 100vw, 1024px\" \/><\/span><\/div><\/div><\/div><\/div><div class=\"fusion-title title fusion-title-3 fusion-title-text fusion-title-size-four\" style=\"--awb-text-color:#110911;--awb-margin-top:40px;--awb-margin-right:40px;--awb-margin-bottom:25px;--awb-margin-left:40px;--awb-margin-top-small:10px;--awb-margin-right-small:0px;--awb-margin-bottom-small:10px;--awb-margin-left-small:0px;--awb-sep-color:#d1d1d1;--awb-font-size:30px;\"><div class=\"title-sep-container title-sep-container-left fusion-no-large-visibility fusion-no-medium-visibility fusion-no-small-visibility\"><div class=\"title-sep sep-double sep-solid\" style=\"border-color:#d1d1d1;\"><\/div><\/div><span class=\"awb-title-spacer fusion-no-large-visibility fusion-no-medium-visibility fusion-no-small-visibility\"><\/span><h4 class=\"fusion-title-heading title-heading-left\" style=\"font-family:&quot;Barlow Condensed&quot;;font-style:normal;font-weight:500;margin:0;text-transform:var(--awb-typography1-text-transform);font-size:1em;line-height:1.2;\">ORDENANZA DEL ROC\u00d3DROMO<\/h4><span class=\"awb-title-spacer\"><\/span><div class=\"title-sep-container title-sep-container-right\"><div class=\"title-sep sep-double sep-solid\" style=\"border-color:#d1d1d1;\"><\/div><\/div><\/div><div class=\"fusion-text fusion-text-3 fusion-text-no-margin\" style=\"--awb-font-size:18px;--awb-line-height:1.7;--awb-letter-spacing:0px;--awb-text-transform:var(--awb-typography4-text-transform);--awb-text-color:#653465;--awb-margin-right:40px;--awb-margin-bottom:45px;--awb-margin-left:40px;--awb-text-font-family:&quot;Barlow&quot;;--awb-text-font-style:normal;--awb-text-font-weight:400;\"><p style=\"text-align: center;\">Todos los usuarios del roc\u00f3dromo deberan de cumplir con las ordenanzas del roc\u00f3dromo de Liedena.<\/p>\n<p>En caso de necesidad de iluminaci\u00f3n el\u00e9ctrica, consultar en el Centro Sociocultural (puerta m\u00e1s cercana a los columpios). En caso de ser d\u00eda festivo y no estar el Centro Sociocultural abierto, llamar al 610 097 779 para solicitar iluminaci\u00f3n.<\/p>\n<p>Es muy importante que leas las ordenanzas pinchando en este bot\u00f3n verde donde podr\u00e1s encontrar los anexos necesarios para hacer tu primer registro.<\/p>\n<p>Se aconseja estar federado para que el seguro de la Federaci\u00f3n pueda hacerse cargo de cualquier percance personal (Art\u00edculo 9 + Anexo II)<\/p>\n<\/div><div class=\"fusion-separator fusion-full-width-sep\" style=\"align-self: center;margin-left: auto;margin-right: auto;flex-grow:1;width:100%;\"><\/div><div style=\"text-align:center;\"><a class=\"fusion-button button-flat fusion-button-default-size button-custom fusion-button-default button-2 fusion-button-default-span \" style=\"--awb-margin-right:40px;--awb-margin-bottom:40px;--awb-margin-left:40px;--awb-padding-top:12px;--awb-padding-right:28px;--awb-padding-bottom:12px;--awb-padding-left:28px;--button_bevel_color:#cbe010;--button_bevel_color_hover:#cbe010;--button_accent_color:#110911;--button_border_color:#110911;--button_accent_hover_color:#110911;--button_border_hover_color:#110911;--button_border_width-top:0px;--button_border_width-right:0px;--button_border_width-bottom:0px;--button_border_width-left:0px;--button-border-radius-top-left:50px;--button-border-radius-top-right:50px;--button-border-radius-bottom-right:50px;--button-border-radius-bottom-left:50px;--button_gradient_start:49%;--button_gradient_end:0%;--button_gradient_top_color:#ffffff;--button_gradient_bottom_color:#ffffff;--button_gradient_top_color_hover:#cbe010;--button_gradient_bottom_color_hover:#cbe010;--button_text_transform:var(--awb-typography3-text-transform);--button_font_size:16px;--button_line_height:1.7;--button_typography-letter-spacing:0px;--button_typography-font-family:&quot;Arimo&quot;;--button_typography-font-style:normal;--button_typography-font-weight:600;\" target=\"_self\" href=\"https:\/\/liedena.es\/wp-content\/uploads\/2025\/02\/Ordenanza-reguladora-del-rocodromo-de-Liedena.pdf\"><span class=\"fusion-button-text awb-button__text awb-button__text--default\"> ORDENANZA DEL ROC\u00d3DROMO<\/span><\/a><\/div><div ><a class=\"fusion-button button-flat fusion-button-default-size button-default fusion-button-default button-3 fusion-button-default-span fusion-button-default-type\" target=\"_self\" href=\"https:\/\/liedena.es\/wp-content\/uploads\/2024\/02\/Ordenanza-de-instalaciones-deportivas.pdf\"><span class=\"fusion-button-text awb-button__text awb-button__text--default\">ORDENANZA INSTALACIONES DEPORTIVAS<\/span><\/a><\/div><\/div><\/div><\/div><\/div>\n","protected":false},"excerpt":{"rendered":"","protected":false},"author":6,"featured_media":0,"parent":0,"menu_order":0,"comment_status":"closed","ping_status":"closed","template":"","meta":{"_acf_changed":false,"_price":"","_stock":"","_tribe_ticket_header":"","_tribe_default_ticket_provider":"","_tribe_ticket_capacity":"0","_ticket_start_date":"","_ticket_end_date":"","_tribe_ticket_show_description":"","_tribe_ticket_show_not_going":false,"_tribe_ticket_use_global_stock":"","_tribe_ticket_global_stock_level":"","_global_stock_mode":"","_global_stock_cap":"","_tribe_rsvp_for_event":"","_tribe_ticket_going_count":"","_tribe_ticket_not_going_count":"","_tribe_tickets_list":"[]","_tribe_ticket_has_attendee_info_fields":false,"footnotes":"","_tec_slr_enabled":"","_tec_slr_layout":""},"class_list":["post-2967","page","type-page","status-publish","hentry"],"acf":[],"ticketed":false,"_links":{"self":[{"href":"https:\/\/liedena.es\/index.php\/wp-json\/wp\/v2\/pages\/2967","targetHints":{"allow":["GET"]}}],"collection":[{"href":"https:\/\/liedena.es\/index.php\/wp-json\/wp\/v2\/pages"}],"about":[{"href":"https:\/\/liedena.es\/index.php\/wp-json\/wp\/v2\/types\/page"}],"author":[{"embeddable":true,"href":"https:\/\/liedena.es\/index.php\/wp-json\/wp\/v2\/users\/6"}],"replies":[{"embeddable":true,"href":"https:\/\/liedena.es\/index.php\/wp-json\/wp\/v2\/comments?post=2967"}],"version-history":[{"count":56,"href":"https:\/\/liedena.es\/index.php\/wp-json\/wp\/v2\/pages\/2967\/revisions"}],"predecessor-version":[{"id":3984,"href":"https:\/\/liedena.es\/index.php\/wp-json\/wp\/v2\/pages\/2967\/revisions\/3984"}],"wp:attachment":[{"href":"https:\/\/liedena.es\/index.php\/wp-json\/wp\/v2\/media?parent=2967"}],"curies":[{"name":"wp","href":"https:\/\/api.w.org\/{rel}","templated":true}]}}