{"id":3526,"date":"2024-09-30T12:29:25","date_gmt":"2024-09-30T10:29:25","guid":{"rendered":"https:\/\/liedena.es\/?page_id=3526"},"modified":"2026-03-10T14:35:42","modified_gmt":"2026-03-10T12:35:42","slug":"proyectos-europeos","status":"publish","type":"page","link":"https:\/\/liedena.es\/index.php\/proyectos-europeos\/","title":{"rendered":"Proyectos Europeos"},"content":{"rendered":"<h1><strong>\u00a0FINANCIACI\u00d3N FONDOS EUROPEOS<\/strong><\/h1>\n<h2><span style=\"color: #000000;\"><b>FONDOS NEXT GENERATION EU EN EL MARCO DEL PLAN DE RECUPERACI\u00d3N, TRANSFORMACI\u00d3N Y RESILIENCIA (PRTR)<\/b><\/span><\/h2>\n<p><img decoding=\"async\" class=\"alignleft size-full wp-image-3644\" src=\"https:\/\/liedena.es\/wp-content\/uploads\/2025\/01\/BANNER-PSTD-NEXT-1-scaled.jpeg\" alt=\"\" width=\"2560\" height=\"258\" srcset=\"https:\/\/liedena.es\/wp-content\/uploads\/2025\/01\/BANNER-PSTD-NEXT-1-190x19.jpeg 190w, https:\/\/liedena.es\/wp-content\/uploads\/2025\/01\/BANNER-PSTD-NEXT-1-200x20.jpeg 200w, https:\/\/liedena.es\/wp-content\/uploads\/2025\/01\/BANNER-PSTD-NEXT-1-300x30.jpeg 300w, https:\/\/liedena.es\/wp-content\/uploads\/2025\/01\/BANNER-PSTD-NEXT-1-400x40.jpeg 400w, https:\/\/liedena.es\/wp-content\/uploads\/2025\/01\/BANNER-PSTD-NEXT-1-600x61.jpeg 600w, https:\/\/liedena.es\/wp-content\/uploads\/2025\/01\/BANNER-PSTD-NEXT-1-750x76.jpeg 750w, https:\/\/liedena.es\/wp-content\/uploads\/2025\/01\/BANNER-PSTD-NEXT-1-768x78.jpeg 768w, https:\/\/liedena.es\/wp-content\/uploads\/2025\/01\/BANNER-PSTD-NEXT-1-800x81.jpeg 800w, https:\/\/liedena.es\/wp-content\/uploads\/2025\/01\/BANNER-PSTD-NEXT-1-1024x103.jpeg 1024w, https:\/\/liedena.es\/wp-content\/uploads\/2025\/01\/BANNER-PSTD-NEXT-1-1200x121.jpeg 1200w, https:\/\/liedena.es\/wp-content\/uploads\/2025\/01\/BANNER-PSTD-NEXT-1-1536x155.jpeg 1536w, https:\/\/liedena.es\/wp-content\/uploads\/2025\/01\/BANNER-PSTD-NEXT-1-scaled.jpeg 2560w\" sizes=\"(max-width: 2560px) 100vw, 2560px\" \/><\/p>\n<h3><span style=\"color: #000000;\"><a class=\"wp-block-button__link has-black-color has-cyan-bluish-gray-background-color has-text-color has-background has-text-align-left wp-element-button\" style=\"color: #000000;\"><strong>POL\u00cdTICA ANTIFRAUDE<\/strong><\/a><\/span><\/h3>\n<h3 class=\"wp-block-heading\">CANAL DE DENUNCIAS ANTIFRAUDE<\/h3>\n<p class=\"has-medium-font-size\">Si desea denunciar hechos que puedan ser constitutivos de fraude o irregularidad en relaci\u00f3n con proyectos u operaciones financiados con cargo a fondos procedentes de la Uni\u00f3n Europea, puede utilizar el canal habilitado al efecto por el Ayuntamiento de Li\u00e9dena, y al que se puede acceder remitiendo un email a la siguiente direcci\u00f3n:\u00a0 \u00a0<span style=\"color: #ff0000;\"><a style=\"color: #ff0000;\" href=\"mailto:denunciasantifraude.liedena@cniebla.com\" target=\"_blank\" rel=\"noopener\">denunciasantifraude.liedena@<wbr \/>cniebla.com<\/a><\/span><\/p>\n<p class=\"has-medium-font-size\">Igualmente, se informa que adem\u00e1s de los procedimientos establecidos en este mismo documento, cualquier ciudadano o empleado p\u00fablico, podr\u00e1 comunicar hechos presuntamente fraudulentos al SNCA, a trav\u00e9s del canal de denuncias externo \u201cInfofraude\u201d, habilitado al efecto por dicho servicio en la direcci\u00f3n web:<\/p>\n<ul class=\"wp-block-list\">\n<li class=\"has-medium-font-size\"><span style=\"color: #ff0000;\"><a style=\"color: #ff0000;\" href=\"https:\/\/www.igae.pap.hacienda.gob.es\/sitios\/igae\/es-ES\/CA-UACI\/SNCA\/Paginas\/ComunicacionSNCA.aspx\" target=\"_blank\" rel=\"noopener\">Comunicaci\u00f3n de informaci\u00f3n sobre fraudes o irregularidades que afecten a fondos europeos<\/a><\/span><\/li>\n<li>\n<h4 class=\"wp-block-heading\">Documentos<\/h4>\n<p class=\"has-medium-font-size\">La Pol\u00edtica Antifraude en el marco del Plan de Recuperaci\u00f3n, Transformaci\u00f3n y Resiliencia (PRTR) y de los fondos NGEU fue aprobada en sesi\u00f3n de pleno ordinario del Ayuntamiento de Li\u00e9dena con fecha 11 de abril de 2024.<\/p>\n<\/li>\n<\/ul>\n<h2><span style=\"color: #ff0000;\"><a style=\"color: #ff0000;\" href=\"https:\/\/liedena.es\/wp-content\/uploads\/2025\/02\/Plan-de-medidas-antifraude-LIEDENA-11-04-2024-2.pdf\" class=\"mtli_attachment mtli_pdf\" target=\"_blank\" rel=\"noopener\">Plan de medidas antifraude LI\u00c9DENA 11-04-2024<\/a><\/span><\/h2>\n<h2><strong>Elaboraci\u00f3n de un Plan Especial de Actuaci\u00f3n Municipal para la Prevenci\u00f3n de Incendios Forestales en Li\u00e9dena<\/strong><\/h2>\n<p><img decoding=\"async\" class=\"alignleft wp-image-3561 size-full\" src=\"https:\/\/liedena.es\/wp-content\/uploads\/2024\/10\/banner-PSTD-1.jpg\" alt=\"\" width=\"2339\" height=\"142\" srcset=\"https:\/\/liedena.es\/wp-content\/uploads\/2024\/10\/banner-PSTD-1-190x12.jpg 190w, https:\/\/liedena.es\/wp-content\/uploads\/2024\/10\/banner-PSTD-1-200x12.jpg 200w, https:\/\/liedena.es\/wp-content\/uploads\/2024\/10\/banner-PSTD-1-300x18.jpg 300w, https:\/\/liedena.es\/wp-content\/uploads\/2024\/10\/banner-PSTD-1-400x24.jpg 400w, https:\/\/liedena.es\/wp-content\/uploads\/2024\/10\/banner-PSTD-1-600x36.jpg 600w, https:\/\/liedena.es\/wp-content\/uploads\/2024\/10\/banner-PSTD-1-750x46.jpg 750w, https:\/\/liedena.es\/wp-content\/uploads\/2024\/10\/banner-PSTD-1-768x47.jpg 768w, https:\/\/liedena.es\/wp-content\/uploads\/2024\/10\/banner-PSTD-1-800x49.jpg 800w, https:\/\/liedena.es\/wp-content\/uploads\/2024\/10\/banner-PSTD-1-1024x62.jpg 1024w, https:\/\/liedena.es\/wp-content\/uploads\/2024\/10\/banner-PSTD-1-1200x73.jpg 1200w, https:\/\/liedena.es\/wp-content\/uploads\/2024\/10\/banner-PSTD-1-1536x93.jpg 1536w, https:\/\/liedena.es\/wp-content\/uploads\/2024\/10\/banner-PSTD-1.jpg 2339w\" sizes=\"(max-width: 2339px) 100vw, 2339px\" \/><\/p>\n<h1 style=\"text-align: left;\"><a href=\"http:\/\/chrome-extension:\/\/efaidnbmnnnibpcajpcglclefindmkaj\/file:\/\/\/C:\/Users\/Usuario\/Downloads\/PAMIF_Liedena.pdf\" class=\"mtli_attachment mtli_pdf\" target=\"_blank\" rel=\"noopener\"><strong>Plan Especial de Actuaci\u00f3n Municipal para la prevenci\u00f3n de Incendios Forestales en Li\u00e9dena (PAMIF)<\/strong><\/a><\/h1>\n<h3 style=\"text-align: left;\"><strong>\u00a0 \u00a0 \u00a0 \u00a0 \u00a0<span style=\"color: #666699;\">Proyecto acogido a las ayudas de los Fondos Europeos Next Genaration dentro del\u00a0 PRTR,\u00a0 promovido por el Ministerio de Industria y Turismo y el Gobierno de Navarra, en convenio con Cederna Garalur siendo un Subproyecto anidado del PSTD Comarca de Sang\u00fcesa y Prepirineo.<\/span><\/strong><\/h3>\n<h3><strong>Beneficiario: AYUNTAMIENTO DE LI\u00c9DENA<\/strong><\/h3>\n<h3><strong>Inversi\u00f3n total: 4.646,40\u20ac<\/strong><\/h3>\n<h3><strong>Importe de la ayuda: 4.646,40\u20ac<\/strong><\/h3>\n<h3><strong>Medida: Submedida C14.I01.P06.SI03.S20: Actuaciones en el \u00e1mbito de la transici\u00f3n verde y sostenible (etiqueta 100%)<\/strong><\/h3>\n<p>Real Decreto 692\/2021 del 03 de agosto<\/p>\n<h1 style=\"text-align: left;\"><strong>\u00abEmbellecimiento y dinamizaci\u00f3n en torno a la estaci\u00f3n del Tren Irati en Li\u00e9dena\u00bb<\/strong><\/h1>\n<h3 style=\"text-align: left;\"><strong><span style=\"color: #666699;\">Proyecto acogido a las ayudas de los Fondos Europeos Next Genaration dentro del\u00a0 PRTR,\u00a0 promovido por el Ministerio de Industria y Turismo y el Gobierno de Navarra, en convenio con Cederna Garalur siendo un Subproyecto anidado del PSTD Comarca de Sang\u00fcesa y Prepirineo.<\/span><\/strong><\/h3>\n<h3><strong>Beneficiario: AYUNTAMIENTO DE LI\u00c9DENA<\/strong><\/h3>\n<h3><strong>Inversi\u00f3n total: 195.614,88 \u20ac<\/strong><\/h3>\n<h3><strong>Importe de la ayuda: 195.614,88 \u20ac<\/strong><\/h3>\n<h3><strong>Medida: Submedida C14.I01.P06.SI03.S20<\/strong><\/h3>\n<h3><strong><img decoding=\"async\" class=\"alignright size-full wp-image-4000\" src=\"https:\/\/liedena.es\/wp-content\/uploads\/2026\/03\/cartel-definitivo-pstd-para-la-web-scaled.jpg\" alt=\"\" width=\"2560\" height=\"1811\" srcset=\"https:\/\/liedena.es\/wp-content\/uploads\/2026\/03\/cartel-definitivo-pstd-para-la-web-200x141.jpg 200w, https:\/\/liedena.es\/wp-content\/uploads\/2026\/03\/cartel-definitivo-pstd-para-la-web-300x212.jpg 300w, https:\/\/liedena.es\/wp-content\/uploads\/2026\/03\/cartel-definitivo-pstd-para-la-web-400x283.jpg 400w, https:\/\/liedena.es\/wp-content\/uploads\/2026\/03\/cartel-definitivo-pstd-para-la-web-600x424.jpg 600w, https:\/\/liedena.es\/wp-content\/uploads\/2026\/03\/cartel-definitivo-pstd-para-la-web-768x543.jpg 768w, https:\/\/liedena.es\/wp-content\/uploads\/2026\/03\/cartel-definitivo-pstd-para-la-web-800x566.jpg 800w, https:\/\/liedena.es\/wp-content\/uploads\/2026\/03\/cartel-definitivo-pstd-para-la-web-1024x724.jpg 1024w, https:\/\/liedena.es\/wp-content\/uploads\/2026\/03\/cartel-definitivo-pstd-para-la-web-1200x849.jpg 1200w, https:\/\/liedena.es\/wp-content\/uploads\/2026\/03\/cartel-definitivo-pstd-para-la-web-1536x1086.jpg 1536w, https:\/\/liedena.es\/wp-content\/uploads\/2026\/03\/cartel-definitivo-pstd-para-la-web-scaled.jpg 2560w\" sizes=\"(max-width: 2560px) 100vw, 2560px\" \/><\/strong><\/h3>\n","protected":false},"excerpt":{"rendered":"<p>\u00a0FINANCIACI\u00d3N FONDOS EUROPEOS FONDOS NEXT GENERATION EU EN EL MARCO DEL PLAN DE RECUPERACI\u00d3N, TRANSFORMACI\u00d3N Y RESILIENCIA (PRTR) POL\u00cdTICA ANTIFRAUDE CANAL DE DENUNCIAS ANTIFRAUDE Si desea denunciar hechos que puedan ser constitutivos de fraude o irregularidad en relaci\u00f3n con proyectos u operaciones financiados con cargo a fondos procedentes de la Uni\u00f3n Europea, puede utilizar el  [&#8230;]<\/p>\n","protected":false},"author":2,"featured_media":0,"parent":0,"menu_order":0,"comment_status":"closed","ping_status":"closed","template":"","meta":{"_acf_changed":false,"_price":"","_stock":"","_tribe_ticket_header":"","_tribe_default_ticket_provider":"","_tribe_ticket_capacity":"0","_ticket_start_date":"","_ticket_end_date":"","_tribe_ticket_show_description":"","_tribe_ticket_show_not_going":false,"_tribe_ticket_use_global_stock":"","_tribe_ticket_global_stock_level":"","_global_stock_mode":"","_global_stock_cap":"","_tribe_rsvp_for_event":"","_tribe_ticket_going_count":"","_tribe_ticket_not_going_count":"","_tribe_tickets_list":"[]","_tribe_ticket_has_attendee_info_fields":false,"footnotes":"","_tec_slr_enabled":"","_tec_slr_layout":""},"class_list":["post-3526","page","type-page","status-publish","hentry"],"acf":[],"ticketed":false,"_links":{"self":[{"href":"https:\/\/liedena.es\/index.php\/wp-json\/wp\/v2\/pages\/3526","targetHints":{"allow":["GET"]}}],"collection":[{"href":"https:\/\/liedena.es\/index.php\/wp-json\/wp\/v2\/pages"}],"about":[{"href":"https:\/\/liedena.es\/index.php\/wp-json\/wp\/v2\/types\/page"}],"author":[{"embeddable":true,"href":"https:\/\/liedena.es\/index.php\/wp-json\/wp\/v2\/users\/2"}],"replies":[{"embeddable":true,"href":"https:\/\/liedena.es\/index.php\/wp-json\/wp\/v2\/comments?post=3526"}],"version-history":[{"count":45,"href":"https:\/\/liedena.es\/index.php\/wp-json\/wp\/v2\/pages\/3526\/revisions"}],"predecessor-version":[{"id":4001,"href":"https:\/\/liedena.es\/index.php\/wp-json\/wp\/v2\/pages\/3526\/revisions\/4001"}],"wp:attachment":[{"href":"https:\/\/liedena.es\/index.php\/wp-json\/wp\/v2\/media?parent=3526"}],"curies":[{"name":"wp","href":"https:\/\/api.w.org\/{rel}","templated":true}]}}