{"id":44,"date":"2016-05-19T17:58:24","date_gmt":"2016-05-19T17:58:24","guid":{"rendered":"http:\/\/liedena.enekoapaolaza.com\/?page_id=44"},"modified":"2020-12-29T13:22:00","modified_gmt":"2020-12-29T11:22:00","slug":"saludo","status":"publish","type":"page","link":"https:\/\/liedena.es\/index.php\/ayuntamiento\/saludo\/","title":{"rendered":"Saludo"},"content":{"rendered":"<p><em><strong> &nbsp;<\/strong><\/em><\/p>\n<h3><span style=\"text-decoration: underline;\"><span style=\"color: #ff0000;\"><em><strong><img decoding=\"async\" class=\"alignnone size-full wp-image-1555\" src=\"https:\/\/liedena.es\/wp-content\/uploads\/2019\/06\/75px-Escudo_de_Li\u00e9dena.svg.png\" alt=\"\" width=\"75\" height=\"90\">SERVICIO Y TRANSPARENCIA<\/strong><\/em><\/span><\/span><\/h3>\n<h3><em><strong>&nbsp; Estas dos palabras podr\u00edan definir muy bien el sentido que le queremos dar a esta nueva herramienta de la que pod\u00e9is hacer uso a partir de ahora. <\/strong><\/em><\/h3>\n<h3><em><strong>&nbsp; &nbsp;Servicio porque desde aqu\u00ed nos podr\u00e9is preguntar sobre temas municipales, os podr\u00e9is descargar cualquier documento como permisos de obras u ordenanzas municipales, etc.<\/strong><\/em><\/h3>\n<h3><em><strong>&nbsp; &nbsp;Y&nbsp;transparencia porque tambi\u00e9n desde aqu\u00ed podr\u00e9is tener acceso a las actas municipales&nbsp;o&nbsp;los presupuestos y gastos.<\/strong><\/em><\/h3>\n<h3><em><strong>&nbsp; &nbsp;As\u00ed mismo en esta p\u00e1gina web podr\u00e9is informaros de la vida municipal, los actos festivos o eventos, podr\u00e9is visualizar fotograf\u00edas de los acontecimientos de Li\u00e9dena y su comarca, noticias culturales y deportivas y muchas cosas m\u00e1s &nbsp; &nbsp;&nbsp;<\/strong><\/em><\/h3>\n","protected":false},"excerpt":{"rendered":"<p>&nbsp; SERVICIO Y TRANSPARENCIA &nbsp; Estas dos palabras podr\u00edan definir muy bien el sentido que le queremos dar a esta nueva herramienta de la que pod\u00e9is hacer uso a partir de ahora. &nbsp; &nbsp;Servicio porque desde aqu\u00ed nos podr\u00e9is preguntar sobre temas municipales, os podr\u00e9is descargar cualquier documento como permisos de obras u ordenanzas municipales,  [&#8230;]<\/p>\n","protected":false},"author":1,"featured_media":0,"parent":42,"menu_order":0,"comment_status":"closed","ping_status":"closed","template":"","meta":{"_acf_changed":false,"_price":"","_stock":"","_tribe_ticket_header":"","_tribe_default_ticket_provider":"","_tribe_ticket_capacity":"0","_ticket_start_date":"","_ticket_end_date":"","_tribe_ticket_show_description":"","_tribe_ticket_show_not_going":false,"_tribe_ticket_use_global_stock":"","_tribe_ticket_global_stock_level":"","_global_stock_mode":"","_global_stock_cap":"","_tribe_rsvp_for_event":"","_tribe_ticket_going_count":"","_tribe_ticket_not_going_count":"","_tribe_tickets_list":"[]","_tribe_ticket_has_attendee_info_fields":false,"footnotes":"","_tec_slr_enabled":"","_tec_slr_layout":""},"class_list":["post-44","page","type-page","status-publish","hentry"],"acf":[],"ticketed":false,"_links":{"self":[{"href":"https:\/\/liedena.es\/index.php\/wp-json\/wp\/v2\/pages\/44","targetHints":{"allow":["GET"]}}],"collection":[{"href":"https:\/\/liedena.es\/index.php\/wp-json\/wp\/v2\/pages"}],"about":[{"href":"https:\/\/liedena.es\/index.php\/wp-json\/wp\/v2\/types\/page"}],"author":[{"embeddable":true,"href":"https:\/\/liedena.es\/index.php\/wp-json\/wp\/v2\/users\/1"}],"replies":[{"embeddable":true,"href":"https:\/\/liedena.es\/index.php\/wp-json\/wp\/v2\/comments?post=44"}],"version-history":[{"count":14,"href":"https:\/\/liedena.es\/index.php\/wp-json\/wp\/v2\/pages\/44\/revisions"}],"predecessor-version":[{"id":1716,"href":"https:\/\/liedena.es\/index.php\/wp-json\/wp\/v2\/pages\/44\/revisions\/1716"}],"up":[{"embeddable":true,"href":"https:\/\/liedena.es\/index.php\/wp-json\/wp\/v2\/pages\/42"}],"wp:attachment":[{"href":"https:\/\/liedena.es\/index.php\/wp-json\/wp\/v2\/media?parent=44"}],"curies":[{"name":"wp","href":"https:\/\/api.w.org\/{rel}","templated":true}]}}