{"id":615,"date":"2016-10-18T13:34:27","date_gmt":"2016-10-18T11:34:27","guid":{"rendered":"http:\/\/liedena.enekoapaolaza.com\/?page_id=615"},"modified":"2021-01-07T13:47:14","modified_gmt":"2021-01-07T11:47:14","slug":"folclore-fiestas-romerias","status":"publish","type":"page","link":"https:\/\/liedena.es\/index.php\/turismo\/folclore-fiestas-romerias\/","title":{"rendered":"Folclore, fiestas, romer\u00edas"},"content":{"rendered":"<h3>PARA AMPLIAR LA INFORMACI\u00d3N PINCHA ENCIMA DE LAS FOTOGRAF\u00cdAS<\/h3>\n<h3><span style=\"color: #ff0000;\"><em><strong>FIESTAS PATRONALES DE LI\u00c9DENA<\/strong><\/em><\/span><\/h3>\n<h2>\u00a0<a href=\"https:\/\/liedena.es\/wp-content\/uploads\/2016\/10\/FIESTAS-PATRONALES-DE-LI%C3%89DENA.pdf\" class=\"mtli_attachment mtli_pdf\" target=\"_blank\" rel=\"noopener\"><img decoding=\"async\" class=\"alignnone size-full wp-image-666\" src=\"https:\/\/liedena.es\/wp-content\/uploads\/2016\/10\/13726694_1203128763073354_7217210999531821552_n.jpg\" alt=\"13726694_1203128763073354_7217210999531821552_n\" width=\"160\" height=\"184\" \/><\/a>\u00a0<span style=\"color: #ff0000;\"><i>\u00a0 <\/i><\/span><\/h2>\n<h2><\/h2>\n<h3><span style=\"color: #ff0000;\"><i>15 de Agosto, FESTIVIDAD DE N\u00aa SE\u00d1ORA DE LA ASUNCI\u00d3N<\/i><\/span><\/h3>\n<h2>\u00a0\u00a0<span style=\"color: #ff0000;\"><i>\u00a0<a href=\"https:\/\/liedena.es\/wp-content\/uploads\/2016\/10\/Gr%C3%A1fico2.pdf\" class=\"mtli_attachment mtli_pdf\" target=\"_blank\" rel=\"noopener\"><img decoding=\"async\" class=\"alignnone wp-image-673\" src=\"https:\/\/liedena.es\/wp-content\/uploads\/2016\/10\/166396_491946954848_4070567_n-300x225.jpg\" alt=\"166396_491946954848_4070567_n\" width=\"236\" height=\"177\" srcset=\"https:\/\/liedena.es\/wp-content\/uploads\/2016\/10\/166396_491946954848_4070567_n-200x150.jpg 200w, https:\/\/liedena.es\/wp-content\/uploads\/2016\/10\/166396_491946954848_4070567_n-300x225.jpg 300w, https:\/\/liedena.es\/wp-content\/uploads\/2016\/10\/166396_491946954848_4070567_n-400x300.jpg 400w, https:\/\/liedena.es\/wp-content\/uploads\/2016\/10\/166396_491946954848_4070567_n-600x450.jpg 600w, https:\/\/liedena.es\/wp-content\/uploads\/2016\/10\/166396_491946954848_4070567_n.jpg 720w\" sizes=\"(max-width: 236px) 100vw, 236px\" \/> <\/a><\/i><\/span><\/h2>\n<h2><\/h2>\n<h2><em><strong>\u00a0<span style=\"color: #ff0000;\">FIESTA ROMANA DE LI\u00c9DENA<\/span><\/strong><\/em><\/h2>\n<p><a href=\"https:\/\/liedena.es\/wp-content\/uploads\/2016\/10\/b.pdf\" class=\"mtli_attachment mtli_pdf\" target=\"_blank\" rel=\"noopener\"><img decoding=\"async\" class=\"alignnone size-medium wp-image-675\" src=\"https:\/\/liedena.es\/wp-content\/uploads\/2016\/10\/14264888_1592227777751281_6372916821771306723_n-300x229.jpg\" alt=\"14264888_1592227777751281_6372916821771306723_n\" width=\"300\" height=\"229\" srcset=\"https:\/\/liedena.es\/wp-content\/uploads\/2016\/10\/14264888_1592227777751281_6372916821771306723_n-200x152.jpg 200w, https:\/\/liedena.es\/wp-content\/uploads\/2016\/10\/14264888_1592227777751281_6372916821771306723_n-300x229.jpg 300w, https:\/\/liedena.es\/wp-content\/uploads\/2016\/10\/14264888_1592227777751281_6372916821771306723_n-400x305.jpg 400w, https:\/\/liedena.es\/wp-content\/uploads\/2016\/10\/14264888_1592227777751281_6372916821771306723_n.jpg 467w\" sizes=\"(max-width: 300px) 100vw, 300px\" \/><\/a><\/p>\n<h2>\u00a0<span style=\"color: #ff0000;\"><em><strong>31 DE OCTUBRE &#8211; HALLOWEEN<\/strong><\/em><\/span><\/h2>\n<p><a href=\"https:\/\/liedena.es\/wp-content\/uploads\/2016\/10\/c.pdf\" class=\"mtli_attachment mtli_pdf\" target=\"_blank\" rel=\"noopener\"><img decoding=\"async\" class=\"alignnone wp-image-679\" src=\"https:\/\/liedena.es\/wp-content\/uploads\/2016\/10\/12195750_1039704709415761_6814784290385674682_n-225x300.jpg\" alt=\"12195750_1039704709415761_6814784290385674682_n\" width=\"200\" height=\"267\" srcset=\"https:\/\/liedena.es\/wp-content\/uploads\/2016\/10\/12195750_1039704709415761_6814784290385674682_n-200x267.jpg 200w, https:\/\/liedena.es\/wp-content\/uploads\/2016\/10\/12195750_1039704709415761_6814784290385674682_n-225x300.jpg 225w, https:\/\/liedena.es\/wp-content\/uploads\/2016\/10\/12195750_1039704709415761_6814784290385674682_n-400x533.jpg 400w, https:\/\/liedena.es\/wp-content\/uploads\/2016\/10\/12195750_1039704709415761_6814784290385674682_n-600x800.jpg 600w, https:\/\/liedena.es\/wp-content\/uploads\/2016\/10\/12195750_1039704709415761_6814784290385674682_n.jpg 720w\" sizes=\"(max-width: 200px) 100vw, 200px\" \/><\/a><\/p>\n<h2><\/h2>\n<h2><span style=\"color: #ff0000;\"><em><strong>FIESTA DEL TREN DEL IRATI<\/strong><\/em><\/span><\/h2>\n<p><a href=\"https:\/\/liedena.es\/wp-content\/uploads\/2016\/10\/d.pdf\" class=\"mtli_attachment mtli_pdf\" target=\"_blank\" rel=\"noopener\"><img decoding=\"async\" class=\"alignnone size-medium wp-image-683\" src=\"https:\/\/liedena.es\/wp-content\/uploads\/2016\/10\/35-RENFE-T2-SantaF\u00e9-gergal-foto-peter-walis-3-300x195.jpg\" alt=\"35-renfe-t2-santafe-gergal-foto-peter-walis-3\" width=\"300\" height=\"195\" srcset=\"https:\/\/liedena.es\/wp-content\/uploads\/2016\/10\/35-RENFE-T2-SantaF\u00e9-gergal-foto-peter-walis-3-200x130.jpg 200w, https:\/\/liedena.es\/wp-content\/uploads\/2016\/10\/35-RENFE-T2-SantaF\u00e9-gergal-foto-peter-walis-3-300x195.jpg 300w, https:\/\/liedena.es\/wp-content\/uploads\/2016\/10\/35-RENFE-T2-SantaF\u00e9-gergal-foto-peter-walis-3-400x260.jpg 400w, https:\/\/liedena.es\/wp-content\/uploads\/2016\/10\/35-RENFE-T2-SantaF\u00e9-gergal-foto-peter-walis-3-600x389.jpg 600w, https:\/\/liedena.es\/wp-content\/uploads\/2016\/10\/35-RENFE-T2-SantaF\u00e9-gergal-foto-peter-walis-3-768x498.jpg 768w, https:\/\/liedena.es\/wp-content\/uploads\/2016\/10\/35-RENFE-T2-SantaF\u00e9-gergal-foto-peter-walis-3-800x519.jpg 800w, https:\/\/liedena.es\/wp-content\/uploads\/2016\/10\/35-RENFE-T2-SantaF\u00e9-gergal-foto-peter-walis-3-1024x664.jpg 1024w, https:\/\/liedena.es\/wp-content\/uploads\/2016\/10\/35-RENFE-T2-SantaF\u00e9-gergal-foto-peter-walis-3-1200x779.jpg 1200w, https:\/\/liedena.es\/wp-content\/uploads\/2016\/10\/35-RENFE-T2-SantaF\u00e9-gergal-foto-peter-walis-3.jpg 1452w\" sizes=\"(max-width: 300px) 100vw, 300px\" \/><\/a><\/p>\n<h2><span style=\"color: #ff0000;\"><em><strong>TARDE Y NOCHE DE REYES<\/strong><\/em><\/span><\/h2>\n<p><a href=\"https:\/\/liedena.es\/wp-content\/uploads\/2016\/10\/e.pdf\" class=\"mtli_attachment mtli_pdf\" target=\"_blank\" rel=\"noopener\"><img decoding=\"async\" class=\"alignnone wp-image-687\" src=\"https:\/\/liedena.es\/wp-content\/uploads\/2016\/10\/10805539_864544210265146_8712718228436300679_n-212x300.jpg\" alt=\"10805539_864544210265146_8712718228436300679_n\" width=\"240\" height=\"340\" srcset=\"https:\/\/liedena.es\/wp-content\/uploads\/2016\/10\/10805539_864544210265146_8712718228436300679_n-200x283.jpg 200w, https:\/\/liedena.es\/wp-content\/uploads\/2016\/10\/10805539_864544210265146_8712718228436300679_n-212x300.jpg 212w, https:\/\/liedena.es\/wp-content\/uploads\/2016\/10\/10805539_864544210265146_8712718228436300679_n-400x566.jpg 400w, https:\/\/liedena.es\/wp-content\/uploads\/2016\/10\/10805539_864544210265146_8712718228436300679_n-600x848.jpg 600w, https:\/\/liedena.es\/wp-content\/uploads\/2016\/10\/10805539_864544210265146_8712718228436300679_n.jpg 679w\" sizes=\"(max-width: 240px) 100vw, 240px\" \/><\/a><\/p>\n<h2><\/h2>\n<h2>\u00a0<span style=\"color: #ff0000;\"><em><strong>CARNAVALES EN LI\u00c9DENA<\/strong><\/em><\/span><\/h2>\n<p><a href=\"https:\/\/liedena.es\/wp-content\/uploads\/2016\/10\/f.pdf\" class=\"mtli_attachment mtli_pdf\" target=\"_blank\" rel=\"noopener\"><img decoding=\"async\" class=\"alignnone wp-image-690\" src=\"https:\/\/liedena.es\/wp-content\/uploads\/2016\/10\/11017843_10152722338289849_6862575334007198155_n-300x225.jpg\" alt=\"11017843_10152722338289849_6862575334007198155_n\" width=\"323\" height=\"242\" srcset=\"https:\/\/liedena.es\/wp-content\/uploads\/2016\/10\/11017843_10152722338289849_6862575334007198155_n-200x150.jpg 200w, https:\/\/liedena.es\/wp-content\/uploads\/2016\/10\/11017843_10152722338289849_6862575334007198155_n-300x225.jpg 300w, https:\/\/liedena.es\/wp-content\/uploads\/2016\/10\/11017843_10152722338289849_6862575334007198155_n-400x300.jpg 400w, https:\/\/liedena.es\/wp-content\/uploads\/2016\/10\/11017843_10152722338289849_6862575334007198155_n-600x450.jpg 600w, https:\/\/liedena.es\/wp-content\/uploads\/2016\/10\/11017843_10152722338289849_6862575334007198155_n-768x576.jpg 768w, https:\/\/liedena.es\/wp-content\/uploads\/2016\/10\/11017843_10152722338289849_6862575334007198155_n-800x600.jpg 800w, https:\/\/liedena.es\/wp-content\/uploads\/2016\/10\/11017843_10152722338289849_6862575334007198155_n.jpg 960w\" sizes=\"(max-width: 323px) 100vw, 323px\" \/><\/a><\/p>\n<h2><\/h2>\n<h2><span style=\"color: #ff0000;\"><em><strong>ROMER\u00cdA A \u00abLA GRANJA\u00bb (1\u00ba DE MAYO)<\/strong><\/em><\/span><\/h2>\n<p><a href=\"https:\/\/liedena.es\/wp-content\/uploads\/2016\/10\/g.pdf\" class=\"mtli_attachment mtli_pdf\" target=\"_blank\" rel=\"noopener\"><img decoding=\"async\" class=\"alignnone wp-image-693\" src=\"https:\/\/liedena.es\/wp-content\/uploads\/2016\/10\/225604_10150185043279849_2147351_n-300x200.jpg\" alt=\"225604_10150185043279849_2147351_n\" width=\"321\" height=\"214\" srcset=\"https:\/\/liedena.es\/wp-content\/uploads\/2016\/10\/225604_10150185043279849_2147351_n-200x133.jpg 200w, https:\/\/liedena.es\/wp-content\/uploads\/2016\/10\/225604_10150185043279849_2147351_n-300x200.jpg 300w, https:\/\/liedena.es\/wp-content\/uploads\/2016\/10\/225604_10150185043279849_2147351_n-400x267.jpg 400w, https:\/\/liedena.es\/wp-content\/uploads\/2016\/10\/225604_10150185043279849_2147351_n-600x400.jpg 600w, https:\/\/liedena.es\/wp-content\/uploads\/2016\/10\/225604_10150185043279849_2147351_n.jpg 720w\" sizes=\"(max-width: 321px) 100vw, 321px\" \/><\/a><\/p>\n<h2><\/h2>\n","protected":false},"excerpt":{"rendered":"<p>PARA AMPLIAR LA INFORMACI\u00d3N PINCHA ENCIMA DE LAS FOTOGRAF\u00cdAS FIESTAS PATRONALES DE LI\u00c9DENA \u00a0\u00a0\u00a0 15 de Agosto, FESTIVIDAD DE N\u00aa SE\u00d1ORA DE LA ASUNCI\u00d3N \u00a0\u00a0\u00a0 \u00a0FIESTA ROMANA DE LI\u00c9DENA \u00a031 DE OCTUBRE &#8211; HALLOWEEN FIESTA DEL TREN DEL IRATI TARDE Y NOCHE DE REYES \u00a0CARNAVALES EN LI\u00c9DENA ROMER\u00cdA A \u00abLA GRANJA\u00bb (1\u00ba DE MAYO)<\/p>\n","protected":false},"author":2,"featured_media":0,"parent":157,"menu_order":0,"comment_status":"closed","ping_status":"closed","template":"","meta":{"_acf_changed":false,"_price":"","_stock":"","_tribe_ticket_header":"","_tribe_default_ticket_provider":"","_tribe_ticket_capacity":"0","_ticket_start_date":"","_ticket_end_date":"","_tribe_ticket_show_description":"","_tribe_ticket_show_not_going":false,"_tribe_ticket_use_global_stock":"","_tribe_ticket_global_stock_level":"","_global_stock_mode":"","_global_stock_cap":"","_tribe_rsvp_for_event":"","_tribe_ticket_going_count":"","_tribe_ticket_not_going_count":"","_tribe_tickets_list":"[]","_tribe_ticket_has_attendee_info_fields":false,"footnotes":"","_tec_slr_enabled":"","_tec_slr_layout":""},"class_list":["post-615","page","type-page","status-publish","hentry"],"acf":[],"ticketed":false,"_links":{"self":[{"href":"https:\/\/liedena.es\/index.php\/wp-json\/wp\/v2\/pages\/615","targetHints":{"allow":["GET"]}}],"collection":[{"href":"https:\/\/liedena.es\/index.php\/wp-json\/wp\/v2\/pages"}],"about":[{"href":"https:\/\/liedena.es\/index.php\/wp-json\/wp\/v2\/types\/page"}],"author":[{"embeddable":true,"href":"https:\/\/liedena.es\/index.php\/wp-json\/wp\/v2\/users\/2"}],"replies":[{"embeddable":true,"href":"https:\/\/liedena.es\/index.php\/wp-json\/wp\/v2\/comments?post=615"}],"version-history":[{"count":18,"href":"https:\/\/liedena.es\/index.php\/wp-json\/wp\/v2\/pages\/615\/revisions"}],"predecessor-version":[{"id":1779,"href":"https:\/\/liedena.es\/index.php\/wp-json\/wp\/v2\/pages\/615\/revisions\/1779"}],"up":[{"embeddable":true,"href":"https:\/\/liedena.es\/index.php\/wp-json\/wp\/v2\/pages\/157"}],"wp:attachment":[{"href":"https:\/\/liedena.es\/index.php\/wp-json\/wp\/v2\/media?parent=615"}],"curies":[{"name":"wp","href":"https:\/\/api.w.org\/{rel}","templated":true}]}}